{"id":37518,"date":"2021-05-11T16:01:26","date_gmt":"2021-05-11T14:01:26","guid":{"rendered":"https:\/\/prestige-e.com\/product\/bracelet-en-caoutchouc-vert-mille-miglia\/"},"modified":"2025-11-27T13:27:25","modified_gmt":"2025-11-27T12:27:25","slug":"bracelet-en-caoutchouc-vert-mille-miglia","status":"publish","type":"product","link":"https:\/\/prestige-e.com\/fr\/produit\/bracelet-en-caoutchouc-vert-mille-miglia\/","title":{"rendered":"Bracelet en caoutchouc vert Mille Miglia"},"content":{"rendered":"","protected":false},"excerpt":{"rendered":"<p>Le vrombissement de la piste de course n&rsquo;est jamais loin avec ce bracelet sportif Mille Miglia au poignet. Un jeu d&rsquo;esprit astucieux sur les codes de design des voitures de course classiques, sa bande de roulement en caoutchouc vert et son fermoir en palladium poli re\u00e7oivent une touche finale d&rsquo;\u00e9nergie masculine intense gr\u00e2ce au logo Chopard en laque noire.<\/p>\n<p><strong><br \/>\nSi vous \u00eates int\u00e9ress\u00e9 par d&rsquo;autres produits de Chopard, veuillez nous en informer.<\/strong><\/p>\n","protected":false},"featured_media":37520,"comment_status":"closed","ping_status":"closed","template":"","meta":{"inline_featured_image":false},"product_brand":[],"product_cat":[208,176],"product_tag":[],"class_list":{"0":"post-37518","1":"product","2":"type-product","3":"status-publish","4":"has-post-thumbnail","6":"product_cat-bracelets","7":"product_cat-chopard","9":"first","10":"instock","11":"shipping-taxable","12":"purchasable","13":"product-type-simple"},"aioseo_notices":[],"_links":{"self":[{"href":"https:\/\/prestige-e.com\/fr\/wp-json\/wp\/v2\/product\/37518","targetHints":{"allow":["GET"]}}],"collection":[{"href":"https:\/\/prestige-e.com\/fr\/wp-json\/wp\/v2\/product"}],"about":[{"href":"https:\/\/prestige-e.com\/fr\/wp-json\/wp\/v2\/types\/product"}],"replies":[{"embeddable":true,"href":"https:\/\/prestige-e.com\/fr\/wp-json\/wp\/v2\/comments?post=37518"}],"wp:featuredmedia":[{"embeddable":true,"href":"https:\/\/prestige-e.com\/fr\/wp-json\/wp\/v2\/media\/37520"}],"wp:attachment":[{"href":"https:\/\/prestige-e.com\/fr\/wp-json\/wp\/v2\/media?parent=37518"}],"wp:term":[{"taxonomy":"product_brand","embeddable":true,"href":"https:\/\/prestige-e.com\/fr\/wp-json\/wp\/v2\/product_brand?post=37518"},{"taxonomy":"product_cat","embeddable":true,"href":"https:\/\/prestige-e.com\/fr\/wp-json\/wp\/v2\/product_cat?post=37518"},{"taxonomy":"product_tag","embeddable":true,"href":"https:\/\/prestige-e.com\/fr\/wp-json\/wp\/v2\/product_tag?post=37518"}],"curies":[{"name":"wp","href":"https:\/\/api.w.org\/{rel}","templated":true}]}}