{"id":37505,"date":"2021-05-11T12:18:35","date_gmt":"2021-05-11T10:18:35","guid":{"rendered":"https:\/\/prestige-e.com\/product\/stylos-ligne-gear\/"},"modified":"2025-11-27T13:27:28","modified_gmt":"2025-11-27T12:27:28","slug":"stylos-ligne-gear","status":"publish","type":"product","link":"https:\/\/prestige-e.com\/fr\/produit\/stylos-ligne-gear\/","title":{"rendered":"Stylos ligne Gear"},"content":{"rendered":"","protected":false},"excerpt":{"rendered":"<p>La ligne \u00ab Gear \u00bb, introduite lors de la saison pr\u00e9c\u00e9dente, est construite sur une forme a\u00e9rodynamique avec une sensation r\u00e9solument active. Son cadre parfaitement \u00e9quilibr\u00e9 revient cette ann\u00e9e dans une version plus classique avec une finition chrome brillant int\u00e9grale et un anneau chrome fonc\u00e9 brillant. <\/p>\n<p><strong><br \/>\nSi vous \u00eates int\u00e9ress\u00e9 par d&rsquo;autres produits Hugo Boss, veuillez nous le faire savoir.<\/p>\n<p>Quantit\u00e9 minimale de commande requise pour ce produit :<\/strong><\/p>\n","protected":false},"featured_media":37509,"comment_status":"closed","ping_status":"closed","template":"","meta":{"inline_featured_image":false},"product_brand":[],"product_cat":[206,207],"product_tag":[],"class_list":{"0":"post-37505","1":"product","2":"type-product","3":"status-publish","4":"has-post-thumbnail","6":"product_cat-hugo-boss","7":"product_cat-hugo-boss-instruments","9":"first","10":"instock","11":"shipping-taxable","12":"purchasable","13":"product-type-simple"},"aioseo_notices":[],"_links":{"self":[{"href":"https:\/\/prestige-e.com\/fr\/wp-json\/wp\/v2\/product\/37505","targetHints":{"allow":["GET"]}}],"collection":[{"href":"https:\/\/prestige-e.com\/fr\/wp-json\/wp\/v2\/product"}],"about":[{"href":"https:\/\/prestige-e.com\/fr\/wp-json\/wp\/v2\/types\/product"}],"replies":[{"embeddable":true,"href":"https:\/\/prestige-e.com\/fr\/wp-json\/wp\/v2\/comments?post=37505"}],"wp:featuredmedia":[{"embeddable":true,"href":"https:\/\/prestige-e.com\/fr\/wp-json\/wp\/v2\/media\/37509"}],"wp:attachment":[{"href":"https:\/\/prestige-e.com\/fr\/wp-json\/wp\/v2\/media?parent=37505"}],"wp:term":[{"taxonomy":"product_brand","embeddable":true,"href":"https:\/\/prestige-e.com\/fr\/wp-json\/wp\/v2\/product_brand?post=37505"},{"taxonomy":"product_cat","embeddable":true,"href":"https:\/\/prestige-e.com\/fr\/wp-json\/wp\/v2\/product_cat?post=37505"},{"taxonomy":"product_tag","embeddable":true,"href":"https:\/\/prestige-e.com\/fr\/wp-json\/wp\/v2\/product_tag?post=37505"}],"curies":[{"name":"wp","href":"https:\/\/api.w.org\/{rel}","templated":true}]}}