{"id":37501,"date":"2021-05-11T14:54:34","date_gmt":"2021-05-11T12:54:34","guid":{"rendered":"https:\/\/prestige-e.com\/product\/bracelet-de-course-vert-classique-argente\/"},"modified":"2025-11-27T13:27:26","modified_gmt":"2025-11-27T12:27:26","slug":"bracelet-de-course-vert-classique-argente","status":"publish","type":"product","link":"https:\/\/prestige-e.com\/fr\/produit\/bracelet-de-course-vert-classique-argente\/","title":{"rendered":"Bracelet de course vert classique argent\u00e9"},"content":{"rendered":"","protected":false},"excerpt":{"rendered":"<p>\u00c9treignant avec \u00e9l\u00e9gance le poignet du gentleman driver, le bracelet Classic Racing en cuir vert tress\u00e9 aux finitions argent\u00e9es se distingue par son style minimaliste et son luxe discret et intemporel. Symbole de la ligne Racing, le c\u00e9l\u00e8bre motif \u00e0 chevrons Dunlop des pneus des ann\u00e9es 1960 appara\u00eet sur le fermoir design pour une allure sport chic inimitable.<\/p>\n<p><strong><br \/>\nSi vous \u00eates int\u00e9ress\u00e9 par d&rsquo;autres produits de Chopard, veuillez nous en informer.<\/strong><\/p>\n","protected":false},"featured_media":37504,"comment_status":"closed","ping_status":"closed","template":"","meta":{"inline_featured_image":false},"product_brand":[],"product_cat":[208,176],"product_tag":[],"class_list":{"0":"post-37501","1":"product","2":"type-product","3":"status-publish","4":"has-post-thumbnail","6":"product_cat-bracelets","7":"product_cat-chopard","9":"first","10":"instock","11":"shipping-taxable","12":"purchasable","13":"product-type-simple"},"aioseo_notices":[],"_links":{"self":[{"href":"https:\/\/prestige-e.com\/fr\/wp-json\/wp\/v2\/product\/37501","targetHints":{"allow":["GET"]}}],"collection":[{"href":"https:\/\/prestige-e.com\/fr\/wp-json\/wp\/v2\/product"}],"about":[{"href":"https:\/\/prestige-e.com\/fr\/wp-json\/wp\/v2\/types\/product"}],"replies":[{"embeddable":true,"href":"https:\/\/prestige-e.com\/fr\/wp-json\/wp\/v2\/comments?post=37501"}],"wp:featuredmedia":[{"embeddable":true,"href":"https:\/\/prestige-e.com\/fr\/wp-json\/wp\/v2\/media\/37504"}],"wp:attachment":[{"href":"https:\/\/prestige-e.com\/fr\/wp-json\/wp\/v2\/media?parent=37501"}],"wp:term":[{"taxonomy":"product_brand","embeddable":true,"href":"https:\/\/prestige-e.com\/fr\/wp-json\/wp\/v2\/product_brand?post=37501"},{"taxonomy":"product_cat","embeddable":true,"href":"https:\/\/prestige-e.com\/fr\/wp-json\/wp\/v2\/product_cat?post=37501"},{"taxonomy":"product_tag","embeddable":true,"href":"https:\/\/prestige-e.com\/fr\/wp-json\/wp\/v2\/product_tag?post=37501"}],"curies":[{"name":"wp","href":"https:\/\/api.w.org\/{rel}","templated":true}]}}