{"id":37496,"date":"2021-05-11T15:03:07","date_gmt":"2021-05-11T13:03:07","guid":{"rendered":"https:\/\/prestige-e.com\/product\/bracelet-de-course-bleu-classique-ton-argent\/"},"modified":"2025-11-27T13:27:26","modified_gmt":"2025-11-27T12:27:26","slug":"bracelet-de-course-bleu-classique-ton-argent","status":"publish","type":"product","link":"https:\/\/prestige-e.com\/fr\/produit\/bracelet-de-course-bleu-classique-ton-argent\/","title":{"rendered":"Bracelet de course bleu classique ton argent"},"content":{"rendered":"","protected":false},"excerpt":{"rendered":"<p>Enveloppant \u00e9l\u00e9gamment le poignet du gentleman pilote, le bracelet Classic Racing en cuir tress\u00e9 bleu avec finitions argent\u00e9es se distingue par son style minimaliste et son luxe subtil et intemporel. Symbole de la ligne Racing, le c\u00e9l\u00e8bre motif chevron du pneu Dunlop des ann\u00e9es 1960 appara\u00eet sur le fermoir design pour une allure sport chic inimitable.<\/p>\n<p><strong><br \/>\nSi vous \u00eates int\u00e9ress\u00e9 par d&rsquo;autres produits de Chopard, veuillez nous en informer.<\/strong><\/p>\n","protected":false},"featured_media":37499,"comment_status":"closed","ping_status":"closed","template":"","meta":{"inline_featured_image":false},"product_brand":[],"product_cat":[208,176],"product_tag":[],"class_list":{"0":"post-37496","1":"product","2":"type-product","3":"status-publish","4":"has-post-thumbnail","6":"product_cat-bracelets","7":"product_cat-chopard","9":"first","10":"instock","11":"shipping-taxable","12":"purchasable","13":"product-type-simple"},"aioseo_notices":[],"_links":{"self":[{"href":"https:\/\/prestige-e.com\/fr\/wp-json\/wp\/v2\/product\/37496","targetHints":{"allow":["GET"]}}],"collection":[{"href":"https:\/\/prestige-e.com\/fr\/wp-json\/wp\/v2\/product"}],"about":[{"href":"https:\/\/prestige-e.com\/fr\/wp-json\/wp\/v2\/types\/product"}],"replies":[{"embeddable":true,"href":"https:\/\/prestige-e.com\/fr\/wp-json\/wp\/v2\/comments?post=37496"}],"wp:featuredmedia":[{"embeddable":true,"href":"https:\/\/prestige-e.com\/fr\/wp-json\/wp\/v2\/media\/37499"}],"wp:attachment":[{"href":"https:\/\/prestige-e.com\/fr\/wp-json\/wp\/v2\/media?parent=37496"}],"wp:term":[{"taxonomy":"product_brand","embeddable":true,"href":"https:\/\/prestige-e.com\/fr\/wp-json\/wp\/v2\/product_brand?post=37496"},{"taxonomy":"product_cat","embeddable":true,"href":"https:\/\/prestige-e.com\/fr\/wp-json\/wp\/v2\/product_cat?post=37496"},{"taxonomy":"product_tag","embeddable":true,"href":"https:\/\/prestige-e.com\/fr\/wp-json\/wp\/v2\/product_tag?post=37496"}],"curies":[{"name":"wp","href":"https:\/\/api.w.org\/{rel}","templated":true}]}}