{"id":37495,"date":"2021-05-11T13:53:54","date_gmt":"2021-05-11T11:53:54","guid":{"rendered":"https:\/\/prestige-e.com\/product\/boutons-de-manchette-classiques-en-metal-ton-argent\/"},"modified":"2025-11-27T13:27:27","modified_gmt":"2025-11-27T12:27:27","slug":"boutons-de-manchette-classiques-en-metal-ton-argent","status":"publish","type":"product","link":"https:\/\/prestige-e.com\/fr\/produit\/boutons-de-manchette-classiques-en-metal-ton-argent\/","title":{"rendered":"Boutons de manchette classiques en m\u00e9tal ton argent"},"content":{"rendered":"","protected":false},"excerpt":{"rendered":"<p>Avec leur \u00e9clat poli et leur gravure somptueuse, ces boutons de manchette sobres incarnent l&rsquo;\u00e9l\u00e9gance pure. La lumi\u00e8re se refl\u00e8te sur leur finition palladium polie, r\u00e9v\u00e9lant un motif sophistiqu\u00e9 en nid d&rsquo;abeille que l&rsquo;on retrouve \u00e9galement sur certaines montres L.U.C. Avec leur sensation luxueuse, ils s&rsquo;accordent parfaitement avec les manchettes fran\u00e7aises.  <\/p>\n<p><strong><br \/>\nSi vous \u00eates int\u00e9ress\u00e9 par d&rsquo;autres produits de Chopard, veuillez nous en informer.<\/p>\n<p>Quantit\u00e9 minimale de commande requise pour ce produit&nbsp;:<\/strong><\/p>\n","protected":false},"featured_media":37497,"comment_status":"closed","ping_status":"closed","template":"","meta":{"inline_featured_image":false},"product_brand":[],"product_cat":[177,176],"product_tag":[],"class_list":{"0":"post-37495","1":"product","2":"type-product","3":"status-publish","4":"has-post-thumbnail","6":"product_cat-accessoires","7":"product_cat-chopard","9":"first","10":"instock","11":"shipping-taxable","12":"purchasable","13":"product-type-simple"},"aioseo_notices":[],"_links":{"self":[{"href":"https:\/\/prestige-e.com\/fr\/wp-json\/wp\/v2\/product\/37495","targetHints":{"allow":["GET"]}}],"collection":[{"href":"https:\/\/prestige-e.com\/fr\/wp-json\/wp\/v2\/product"}],"about":[{"href":"https:\/\/prestige-e.com\/fr\/wp-json\/wp\/v2\/types\/product"}],"replies":[{"embeddable":true,"href":"https:\/\/prestige-e.com\/fr\/wp-json\/wp\/v2\/comments?post=37495"}],"wp:featuredmedia":[{"embeddable":true,"href":"https:\/\/prestige-e.com\/fr\/wp-json\/wp\/v2\/media\/37497"}],"wp:attachment":[{"href":"https:\/\/prestige-e.com\/fr\/wp-json\/wp\/v2\/media?parent=37495"}],"wp:term":[{"taxonomy":"product_brand","embeddable":true,"href":"https:\/\/prestige-e.com\/fr\/wp-json\/wp\/v2\/product_brand?post=37495"},{"taxonomy":"product_cat","embeddable":true,"href":"https:\/\/prestige-e.com\/fr\/wp-json\/wp\/v2\/product_cat?post=37495"},{"taxonomy":"product_tag","embeddable":true,"href":"https:\/\/prestige-e.com\/fr\/wp-json\/wp\/v2\/product_tag?post=37495"}],"curies":[{"name":"wp","href":"https:\/\/api.w.org\/{rel}","templated":true}]}}