{"id":37491,"date":"2021-05-11T15:10:35","date_gmt":"2021-05-11T13:10:35","guid":{"rendered":"https:\/\/prestige-e.com\/product\/bracelet-en-caoutchouc-noir-classic-racing\/"},"modified":"2025-11-27T13:27:26","modified_gmt":"2025-11-27T12:27:26","slug":"bracelet-en-caoutchouc-noir-classic-racing","status":"publish","type":"product","link":"https:\/\/prestige-e.com\/fr\/produit\/bracelet-en-caoutchouc-noir-classic-racing\/","title":{"rendered":"Bracelet en caoutchouc noir Classic Racing"},"content":{"rendered":"","protected":false},"excerpt":{"rendered":"<p>Inspir\u00e9 de la ligne l\u00e9gendaire Classic Racing, ce bracelet met en lumi\u00e8re le motif de chevrons des pneus Dunlop des ann\u00e9es 1960 avec un design original combinant acier inoxydable et caoutchouc noir. Ce bijou convient parfaitement \u00e0 l&rsquo;allure sport chic du gentleman driver.<\/p>\n<p><strong><br \/>\nSi vous \u00eates int\u00e9ress\u00e9 par d&rsquo;autres produits de Chopard, veuillez nous en informer.<\/strong><\/p>\n","protected":false},"featured_media":37494,"comment_status":"closed","ping_status":"closed","template":"","meta":{"inline_featured_image":false},"product_brand":[],"product_cat":[208,176],"product_tag":[],"class_list":{"0":"post-37491","1":"product","2":"type-product","3":"status-publish","4":"has-post-thumbnail","6":"product_cat-bracelets","7":"product_cat-chopard","9":"first","10":"instock","11":"shipping-taxable","12":"purchasable","13":"product-type-simple"},"aioseo_notices":[],"_links":{"self":[{"href":"https:\/\/prestige-e.com\/fr\/wp-json\/wp\/v2\/product\/37491","targetHints":{"allow":["GET"]}}],"collection":[{"href":"https:\/\/prestige-e.com\/fr\/wp-json\/wp\/v2\/product"}],"about":[{"href":"https:\/\/prestige-e.com\/fr\/wp-json\/wp\/v2\/types\/product"}],"replies":[{"embeddable":true,"href":"https:\/\/prestige-e.com\/fr\/wp-json\/wp\/v2\/comments?post=37491"}],"wp:featuredmedia":[{"embeddable":true,"href":"https:\/\/prestige-e.com\/fr\/wp-json\/wp\/v2\/media\/37494"}],"wp:attachment":[{"href":"https:\/\/prestige-e.com\/fr\/wp-json\/wp\/v2\/media?parent=37491"}],"wp:term":[{"taxonomy":"product_brand","embeddable":true,"href":"https:\/\/prestige-e.com\/fr\/wp-json\/wp\/v2\/product_brand?post=37491"},{"taxonomy":"product_cat","embeddable":true,"href":"https:\/\/prestige-e.com\/fr\/wp-json\/wp\/v2\/product_cat?post=37491"},{"taxonomy":"product_tag","embeddable":true,"href":"https:\/\/prestige-e.com\/fr\/wp-json\/wp\/v2\/product_tag?post=37491"}],"curies":[{"name":"wp","href":"https:\/\/api.w.org\/{rel}","templated":true}]}}