{"id":37487,"date":"2021-05-11T14:10:58","date_gmt":"2021-05-11T12:10:58","guid":{"rendered":"https:\/\/prestige-e.com\/product\/boutons-de-manchette-classic-black-lacquer-silver-stone\/"},"modified":"2025-11-27T13:27:27","modified_gmt":"2025-11-27T12:27:27","slug":"boutons-de-manchette-classic-black-lacquer-silver-stone","status":"publish","type":"product","link":"https:\/\/prestige-e.com\/fr\/produit\/boutons-de-manchette-classic-black-lacquer-silver-stone\/","title":{"rendered":"Boutons de manchette Classic black lacquer Silver Stone"},"content":{"rendered":"","protected":false},"excerpt":{"rendered":"<p>Les boutons de manchette classiques sont id\u00e9aux pour conf\u00e9rer une \u00e9l\u00e9gance discr\u00e8te \u00e0 une chemise impeccablement repass\u00e9e. Leur motif alv\u00e9ol\u00e9 subtil ajoute une touche de caract\u00e8re au design raffin\u00e9 en acier inoxydable fini avec un rev\u00eatement technique PVD noir mat. <\/p>\n<p><strong><br \/>\nSi vous \u00eates int\u00e9ress\u00e9 par d&rsquo;autres produits de Chopard, veuillez nous en informer.<\/p>\n<p>Quantit\u00e9 minimale de commande requise pour ce produit&nbsp;:<\/strong><\/p>\n","protected":false},"featured_media":37488,"comment_status":"closed","ping_status":"closed","template":"","meta":{"inline_featured_image":false},"product_brand":[],"product_cat":[177,176],"product_tag":[],"class_list":{"0":"post-37487","1":"product","2":"type-product","3":"status-publish","4":"has-post-thumbnail","6":"product_cat-accessoires","7":"product_cat-chopard","9":"first","10":"instock","11":"shipping-taxable","12":"purchasable","13":"product-type-simple"},"aioseo_notices":[],"_links":{"self":[{"href":"https:\/\/prestige-e.com\/fr\/wp-json\/wp\/v2\/product\/37487","targetHints":{"allow":["GET"]}}],"collection":[{"href":"https:\/\/prestige-e.com\/fr\/wp-json\/wp\/v2\/product"}],"about":[{"href":"https:\/\/prestige-e.com\/fr\/wp-json\/wp\/v2\/types\/product"}],"replies":[{"embeddable":true,"href":"https:\/\/prestige-e.com\/fr\/wp-json\/wp\/v2\/comments?post=37487"}],"wp:featuredmedia":[{"embeddable":true,"href":"https:\/\/prestige-e.com\/fr\/wp-json\/wp\/v2\/media\/37488"}],"wp:attachment":[{"href":"https:\/\/prestige-e.com\/fr\/wp-json\/wp\/v2\/media?parent=37487"}],"wp:term":[{"taxonomy":"product_brand","embeddable":true,"href":"https:\/\/prestige-e.com\/fr\/wp-json\/wp\/v2\/product_brand?post=37487"},{"taxonomy":"product_cat","embeddable":true,"href":"https:\/\/prestige-e.com\/fr\/wp-json\/wp\/v2\/product_cat?post=37487"},{"taxonomy":"product_tag","embeddable":true,"href":"https:\/\/prestige-e.com\/fr\/wp-json\/wp\/v2\/product_tag?post=37487"}],"curies":[{"name":"wp","href":"https:\/\/api.w.org\/{rel}","templated":true}]}}