{"id":37481,"date":"2021-05-10T15:24:26","date_gmt":"2021-05-10T13:24:26","guid":{"rendered":"https:\/\/prestige-e.com\/product\/cravate-7-cravate-cheval-rebelle\/"},"modified":"2025-11-27T13:27:29","modified_gmt":"2025-11-27T12:27:29","slug":"cravate-7-cravate-cheval-rebelle","status":"publish","type":"product","link":"https:\/\/prestige-e.com\/fr\/produit\/cravate-7-cravate-cheval-rebelle\/","title":{"rendered":"Cravate 7 Cravate cheval rebelle"},"content":{"rendered":"","protected":false},"excerpt":{"rendered":"<p class=\"product-attribute-font-description\">Cravate en serg\u00e9 lourd cousu main (100 % soie)<br \/>\nLe petit fr\u00e8re de Cheval Punk arbore sa plus belle crini\u00e8re !<br \/>\nFabriqu\u00e9 en France<br \/>\n7 cm de largeur<\/p>\n<p><strong><br \/>\nSi vous \u00eates int\u00e9ress\u00e9 par d&rsquo;autres produits Herm\u00e8s, veuillez nous en informer.<\/p>\n<p>Quantit\u00e9 minimale de commande requise pour ce produit :<\/strong><\/p>\n","protected":false},"featured_media":37482,"comment_status":"closed","ping_status":"closed","template":"","meta":{"inline_featured_image":false},"product_brand":[],"product_cat":[195,192],"product_tag":[],"class_list":{"0":"post-37481","1":"product","2":"type-product","3":"status-publish","4":"has-post-thumbnail","6":"product_cat-cravates","7":"product_cat-hermes","9":"first","10":"instock","11":"shipping-taxable","12":"purchasable","13":"product-type-simple"},"aioseo_notices":[],"_links":{"self":[{"href":"https:\/\/prestige-e.com\/fr\/wp-json\/wp\/v2\/product\/37481","targetHints":{"allow":["GET"]}}],"collection":[{"href":"https:\/\/prestige-e.com\/fr\/wp-json\/wp\/v2\/product"}],"about":[{"href":"https:\/\/prestige-e.com\/fr\/wp-json\/wp\/v2\/types\/product"}],"replies":[{"embeddable":true,"href":"https:\/\/prestige-e.com\/fr\/wp-json\/wp\/v2\/comments?post=37481"}],"wp:featuredmedia":[{"embeddable":true,"href":"https:\/\/prestige-e.com\/fr\/wp-json\/wp\/v2\/media\/37482"}],"wp:attachment":[{"href":"https:\/\/prestige-e.com\/fr\/wp-json\/wp\/v2\/media?parent=37481"}],"wp:term":[{"taxonomy":"product_brand","embeddable":true,"href":"https:\/\/prestige-e.com\/fr\/wp-json\/wp\/v2\/product_brand?post=37481"},{"taxonomy":"product_cat","embeddable":true,"href":"https:\/\/prestige-e.com\/fr\/wp-json\/wp\/v2\/product_cat?post=37481"},{"taxonomy":"product_tag","embeddable":true,"href":"https:\/\/prestige-e.com\/fr\/wp-json\/wp\/v2\/product_tag?post=37481"}],"curies":[{"name":"wp","href":"https:\/\/api.w.org\/{rel}","templated":true}]}}