{"id":37473,"date":"2021-05-11T11:23:54","date_gmt":"2021-05-11T09:23:54","guid":{"rendered":"https:\/\/prestige-e.com\/product\/instruments-decriture-contour\/"},"modified":"2025-11-27T13:27:29","modified_gmt":"2025-11-27T12:27:29","slug":"instruments-decriture-contour","status":"publish","type":"product","link":"https:\/\/prestige-e.com\/fr\/produit\/instruments-decriture-contour\/","title":{"rendered":"Instruments d&rsquo;\u00e9criture Contour"},"content":{"rendered":"","protected":false},"excerpt":{"rendered":"<p>Rehauss\u00e9s par leurs structures l\u00e9g\u00e8res et \u00e9quilibr\u00e9es, les instruments d&rsquo;\u00e9criture Contour sont tout en contraste. L&rsquo;aspect classique de leur silhouette l\u00e9g\u00e8rement arrondie est contrebalanc\u00e9 par une forme \u00e9l\u00e9gante et un choix contemporain de mat\u00e9riaux. Une gravure inattendue \u00e0 fines rayures ajoute une touche vestimentaire aux corps de ces instruments et se refl\u00e8te comme \u00e9l\u00e9ment d\u00e9coratif sur les capuchons. L&rsquo;article est disponible en stylo plume, roller et stylo \u00e0 bille.   <\/p>\n<p><strong><br \/>\nSi vous \u00eates int\u00e9ress\u00e9 par d&rsquo;autres produits Hugo Boss, veuillez nous le faire savoir.<\/p>\n<p>Quantit\u00e9 minimale de commande requise pour ce produit :<\/strong><\/p>\n","protected":false},"featured_media":37475,"comment_status":"closed","ping_status":"closed","template":"","meta":{"inline_featured_image":false},"product_brand":[],"product_cat":[206,207],"product_tag":[],"class_list":{"0":"post-37473","1":"product","2":"type-product","3":"status-publish","4":"has-post-thumbnail","6":"product_cat-hugo-boss","7":"product_cat-hugo-boss-instruments","9":"first","10":"instock","11":"shipping-taxable","12":"purchasable","13":"product-type-simple"},"aioseo_notices":[],"_links":{"self":[{"href":"https:\/\/prestige-e.com\/fr\/wp-json\/wp\/v2\/product\/37473","targetHints":{"allow":["GET"]}}],"collection":[{"href":"https:\/\/prestige-e.com\/fr\/wp-json\/wp\/v2\/product"}],"about":[{"href":"https:\/\/prestige-e.com\/fr\/wp-json\/wp\/v2\/types\/product"}],"replies":[{"embeddable":true,"href":"https:\/\/prestige-e.com\/fr\/wp-json\/wp\/v2\/comments?post=37473"}],"wp:featuredmedia":[{"embeddable":true,"href":"https:\/\/prestige-e.com\/fr\/wp-json\/wp\/v2\/media\/37475"}],"wp:attachment":[{"href":"https:\/\/prestige-e.com\/fr\/wp-json\/wp\/v2\/media?parent=37473"}],"wp:term":[{"taxonomy":"product_brand","embeddable":true,"href":"https:\/\/prestige-e.com\/fr\/wp-json\/wp\/v2\/product_brand?post=37473"},{"taxonomy":"product_cat","embeddable":true,"href":"https:\/\/prestige-e.com\/fr\/wp-json\/wp\/v2\/product_cat?post=37473"},{"taxonomy":"product_tag","embeddable":true,"href":"https:\/\/prestige-e.com\/fr\/wp-json\/wp\/v2\/product_tag?post=37473"}],"curies":[{"name":"wp","href":"https:\/\/api.w.org\/{rel}","templated":true}]}}