{"id":37470,"date":"2021-05-11T12:37:04","date_gmt":"2021-05-11T10:37:04","guid":{"rendered":"https:\/\/prestige-e.com\/product\/boutons-de-manchette-classic-or-rose-noir\/"},"modified":"2025-11-27T13:27:28","modified_gmt":"2025-11-27T12:27:28","slug":"boutons-de-manchette-classic-or-rose-noir","status":"publish","type":"product","link":"https:\/\/prestige-e.com\/fr\/produit\/boutons-de-manchette-classic-or-rose-noir\/","title":{"rendered":"Boutons de manchette Classic or rose noir"},"content":{"rendered":"","protected":false},"excerpt":{"rendered":"<p>Les boutons de manchette Classic C adoptent l&#8217;embl\u00e8me cursif caract\u00e9ristique de Chopard pour ajouter une \u00e9l\u00e9gance instantan\u00e9e \u00e0 ce design d&rsquo;inspiration vintage. L&rsquo;acier inoxydable \u00e9l\u00e9gant s&rsquo;associe au verre brillant, au noir et \u00e0 l&rsquo;or rose chaleureux pour un effet saisissant<\/p>\n<p><strong><br \/>\nSi vous \u00eates int\u00e9ress\u00e9 par d&rsquo;autres produits de Chopard, veuillez nous en informer.<\/strong><\/p>\n","protected":false},"featured_media":37472,"comment_status":"closed","ping_status":"closed","template":"","meta":{"inline_featured_image":false},"product_brand":[],"product_cat":[177,176],"product_tag":[],"class_list":{"0":"post-37470","1":"product","2":"type-product","3":"status-publish","4":"has-post-thumbnail","6":"product_cat-accessoires","7":"product_cat-chopard","9":"first","10":"instock","11":"shipping-taxable","12":"purchasable","13":"product-type-simple"},"aioseo_notices":[],"_links":{"self":[{"href":"https:\/\/prestige-e.com\/fr\/wp-json\/wp\/v2\/product\/37470","targetHints":{"allow":["GET"]}}],"collection":[{"href":"https:\/\/prestige-e.com\/fr\/wp-json\/wp\/v2\/product"}],"about":[{"href":"https:\/\/prestige-e.com\/fr\/wp-json\/wp\/v2\/types\/product"}],"replies":[{"embeddable":true,"href":"https:\/\/prestige-e.com\/fr\/wp-json\/wp\/v2\/comments?post=37470"}],"wp:featuredmedia":[{"embeddable":true,"href":"https:\/\/prestige-e.com\/fr\/wp-json\/wp\/v2\/media\/37472"}],"wp:attachment":[{"href":"https:\/\/prestige-e.com\/fr\/wp-json\/wp\/v2\/media?parent=37470"}],"wp:term":[{"taxonomy":"product_brand","embeddable":true,"href":"https:\/\/prestige-e.com\/fr\/wp-json\/wp\/v2\/product_brand?post=37470"},{"taxonomy":"product_cat","embeddable":true,"href":"https:\/\/prestige-e.com\/fr\/wp-json\/wp\/v2\/product_cat?post=37470"},{"taxonomy":"product_tag","embeddable":true,"href":"https:\/\/prestige-e.com\/fr\/wp-json\/wp\/v2\/product_tag?post=37470"}],"curies":[{"name":"wp","href":"https:\/\/api.w.org\/{rel}","templated":true}]}}