{"id":37466,"date":"2021-05-10T08:03:40","date_gmt":"2021-05-10T06:03:40","guid":{"rendered":"https:\/\/prestige-e.com\/product\/grand-sac-a-dos-montblanc-nightflight\/"},"modified":"2025-11-27T13:27:30","modified_gmt":"2025-11-27T12:27:30","slug":"grand-sac-a-dos-montblanc-nightflight","status":"publish","type":"product","link":"https:\/\/prestige-e.com\/fr\/produit\/grand-sac-a-dos-montblanc-nightflight\/","title":{"rendered":"Grand sac \u00e0 dos Montblanc Nightflight"},"content":{"rendered":"","protected":false},"excerpt":{"rendered":"<p>Con\u00e7u pour le globe-trotter moderne, My Montblanc Nightflight offre une fa\u00e7on de voyager \u00e0 la fois l\u00e9g\u00e8rement et avec style. Le grand sac \u00e0 dos avec rabat combine une large ouverture avec fermeture \u00e0 cordon et rabat, un sac quotidien performant avec un int\u00e9rieur spacieux et de nombreuses poches : un compartiment rembourr\u00e9 pour ordinateur portable et un espace suppl\u00e9mentaire pour les dossiers et accessoires, une poche sur le rabat avec sortie pour \u00e9couteurs, trois boucles pour instruments d&rsquo;\u00e9criture et plusieurs poches int\u00e9rieures et ext\u00e9rieures, dont l&rsquo;une est \u00e9quip\u00e9e de la technologie Montblanc Shield (doublure anti-RFID). Le sac dispose \u00e9galement d&rsquo;un syst\u00e8me satellite \u00e0 l&rsquo;arri\u00e8re pour fixer le sac \u00e0 une valise \u00e0 roulettes et d&rsquo;une housse de protection en nylon pour couvrir le sac en cas de pluie. Il peut \u00eatre personnalis\u00e9 avec des initiales \u00e0 faire graver sur les \u00e9tiquettes noires, bleues ou rouges incluses avec le sac.   <\/p>\n<p><strong>Si vous \u00eates int\u00e9ress\u00e9 par d&rsquo;autres produits Montblanc, veuillez nous en informer.<\/strong><\/p>\n<p><strong>Quantit\u00e9 minimale de commande requise pour ce produit&nbsp;:<\/strong><\/p>\n","protected":false},"featured_media":37467,"comment_status":"closed","ping_status":"closed","template":"","meta":{"inline_featured_image":false},"product_brand":[],"product_cat":[184,180],"product_tag":[],"class_list":{"0":"post-37466","1":"product","2":"type-product","3":"status-publish","4":"has-post-thumbnail","6":"product_cat-cuir-et-voyage","7":"product_cat-montblanc","9":"first","10":"instock","11":"shipping-taxable","12":"purchasable","13":"product-type-simple"},"aioseo_notices":[],"_links":{"self":[{"href":"https:\/\/prestige-e.com\/fr\/wp-json\/wp\/v2\/product\/37466","targetHints":{"allow":["GET"]}}],"collection":[{"href":"https:\/\/prestige-e.com\/fr\/wp-json\/wp\/v2\/product"}],"about":[{"href":"https:\/\/prestige-e.com\/fr\/wp-json\/wp\/v2\/types\/product"}],"replies":[{"embeddable":true,"href":"https:\/\/prestige-e.com\/fr\/wp-json\/wp\/v2\/comments?post=37466"}],"wp:featuredmedia":[{"embeddable":true,"href":"https:\/\/prestige-e.com\/fr\/wp-json\/wp\/v2\/media\/37467"}],"wp:attachment":[{"href":"https:\/\/prestige-e.com\/fr\/wp-json\/wp\/v2\/media?parent=37466"}],"wp:term":[{"taxonomy":"product_brand","embeddable":true,"href":"https:\/\/prestige-e.com\/fr\/wp-json\/wp\/v2\/product_brand?post=37466"},{"taxonomy":"product_cat","embeddable":true,"href":"https:\/\/prestige-e.com\/fr\/wp-json\/wp\/v2\/product_cat?post=37466"},{"taxonomy":"product_tag","embeddable":true,"href":"https:\/\/prestige-e.com\/fr\/wp-json\/wp\/v2\/product_tag?post=37466"}],"curies":[{"name":"wp","href":"https:\/\/api.w.org\/{rel}","templated":true}]}}