{"id":37460,"date":"2021-05-10T06:07:24","date_gmt":"2021-05-10T04:07:24","guid":{"rendered":"https:\/\/prestige-e.com\/product\/portefeuille-sartorial-montblanc\/"},"modified":"2025-11-27T13:27:31","modified_gmt":"2025-11-27T12:27:31","slug":"portefeuille-sartorial-montblanc","status":"publish","type":"product","link":"https:\/\/prestige-e.com\/fr\/produit\/portefeuille-sartorial-montblanc\/","title":{"rendered":"Portefeuille sartorial Montblanc"},"content":{"rendered":"","protected":false},"excerpt":{"rendered":"<p>La Collection Sartoriale Montblanc parle le langage de l&rsquo;\u00e9l\u00e9gance moderne. Confectionn\u00e9 en cuir \u00e0 impression Saffiano, ce portefeuille s&rsquo;inscrit dans la longue tradition de fabrication de produits en cuir de qualit\u00e9 sup\u00e9rieure. \u00c0 l&rsquo;int\u00e9rieur, il peut accueillir jusqu&rsquo;\u00e0 six cartes de cr\u00e9dit dans les emplacements d\u00e9di\u00e9s, des billets de banque dans les deux compartiments et d&rsquo;autres documents dans les deux poches suppl\u00e9mentaires.  <\/p>\n<p><strong class=\"key\">Cuir : <\/strong>Cuir de veau pleine fleur, tann\u00e9 au chrome, teint\u00e9 dans la masse, avec impression saffiano.<br \/>\n<strong class=\"key\">Couleur&nbsp;:<\/strong> noir<\/p>\n<p><strong><br \/>\nSi vous \u00eates int\u00e9ress\u00e9 par d\u2019autres produits Montblanc, veuillez nous en informer.<\/p>\n<p>Quantit\u00e9 minimale de commande requise pour ce produit&nbsp;:<\/strong><\/p>\n","protected":false},"featured_media":37463,"comment_status":"closed","ping_status":"closed","template":"","meta":{"inline_featured_image":false},"product_brand":[],"product_cat":[184,180],"product_tag":[],"class_list":{"0":"post-37460","1":"product","2":"type-product","3":"status-publish","4":"has-post-thumbnail","6":"product_cat-cuir-et-voyage","7":"product_cat-montblanc","9":"first","10":"instock","11":"shipping-taxable","12":"purchasable","13":"product-type-simple"},"aioseo_notices":[],"_links":{"self":[{"href":"https:\/\/prestige-e.com\/fr\/wp-json\/wp\/v2\/product\/37460","targetHints":{"allow":["GET"]}}],"collection":[{"href":"https:\/\/prestige-e.com\/fr\/wp-json\/wp\/v2\/product"}],"about":[{"href":"https:\/\/prestige-e.com\/fr\/wp-json\/wp\/v2\/types\/product"}],"replies":[{"embeddable":true,"href":"https:\/\/prestige-e.com\/fr\/wp-json\/wp\/v2\/comments?post=37460"}],"wp:featuredmedia":[{"embeddable":true,"href":"https:\/\/prestige-e.com\/fr\/wp-json\/wp\/v2\/media\/37463"}],"wp:attachment":[{"href":"https:\/\/prestige-e.com\/fr\/wp-json\/wp\/v2\/media?parent=37460"}],"wp:term":[{"taxonomy":"product_brand","embeddable":true,"href":"https:\/\/prestige-e.com\/fr\/wp-json\/wp\/v2\/product_brand?post=37460"},{"taxonomy":"product_cat","embeddable":true,"href":"https:\/\/prestige-e.com\/fr\/wp-json\/wp\/v2\/product_cat?post=37460"},{"taxonomy":"product_tag","embeddable":true,"href":"https:\/\/prestige-e.com\/fr\/wp-json\/wp\/v2\/product_tag?post=37460"}],"curies":[{"name":"wp","href":"https:\/\/api.w.org\/{rel}","templated":true}]}}