{"id":37459,"date":"2021-05-10T08:29:44","date_gmt":"2021-05-10T06:29:44","guid":{"rendered":"https:\/\/prestige-e.com\/product\/bloc-notes-grand-format-montblanc-sartorial\/"},"modified":"2025-11-27T13:27:30","modified_gmt":"2025-11-27T12:27:30","slug":"bloc-notes-grand-format-montblanc-sartorial","status":"publish","type":"product","link":"https:\/\/prestige-e.com\/fr\/produit\/bloc-notes-grand-format-montblanc-sartorial\/","title":{"rendered":"Bloc-notes grand format Montblanc sartorial"},"content":{"rendered":"","protected":false},"excerpt":{"rendered":"<p>La Collection Sartorial Montblanc parle le langage de l&rsquo;\u00e9l\u00e9gance moderne. R\u00e9alis\u00e9 en cuir imprim\u00e9 Saffiano, le bloc-notes grand format offre un support \u00e9l\u00e9gant pour les cartes de visite, notes, papiers et un instrument d&rsquo;\u00e9criture de la taille d&rsquo;un Meisterst\u00fcck Classique ou LeGrand ; il inclut le bloc-notes A4 Montblanc. <\/p>\n<p><strong><br \/>\nSi vous \u00eates int\u00e9ress\u00e9 par d&rsquo;autres produits Montblanc, veuillez nous le faire savoir.<\/p>\n<p>Quantit\u00e9 minimale de commande requise pour ce produit :<\/strong><\/p>\n","protected":false},"featured_media":37461,"comment_status":"closed","ping_status":"closed","template":"","meta":{"inline_featured_image":false},"product_brand":[],"product_cat":[184,180],"product_tag":[],"class_list":{"0":"post-37459","1":"product","2":"type-product","3":"status-publish","4":"has-post-thumbnail","6":"product_cat-cuir-et-voyage","7":"product_cat-montblanc","9":"first","10":"instock","11":"shipping-taxable","12":"purchasable","13":"product-type-simple"},"aioseo_notices":[],"_links":{"self":[{"href":"https:\/\/prestige-e.com\/fr\/wp-json\/wp\/v2\/product\/37459","targetHints":{"allow":["GET"]}}],"collection":[{"href":"https:\/\/prestige-e.com\/fr\/wp-json\/wp\/v2\/product"}],"about":[{"href":"https:\/\/prestige-e.com\/fr\/wp-json\/wp\/v2\/types\/product"}],"replies":[{"embeddable":true,"href":"https:\/\/prestige-e.com\/fr\/wp-json\/wp\/v2\/comments?post=37459"}],"wp:featuredmedia":[{"embeddable":true,"href":"https:\/\/prestige-e.com\/fr\/wp-json\/wp\/v2\/media\/37461"}],"wp:attachment":[{"href":"https:\/\/prestige-e.com\/fr\/wp-json\/wp\/v2\/media?parent=37459"}],"wp:term":[{"taxonomy":"product_brand","embeddable":true,"href":"https:\/\/prestige-e.com\/fr\/wp-json\/wp\/v2\/product_brand?post=37459"},{"taxonomy":"product_cat","embeddable":true,"href":"https:\/\/prestige-e.com\/fr\/wp-json\/wp\/v2\/product_cat?post=37459"},{"taxonomy":"product_tag","embeddable":true,"href":"https:\/\/prestige-e.com\/fr\/wp-json\/wp\/v2\/product_tag?post=37459"}],"curies":[{"name":"wp","href":"https:\/\/api.w.org\/{rel}","templated":true}]}}