{"id":37454,"date":"2021-05-10T06:16:41","date_gmt":"2021-05-10T04:16:41","guid":{"rendered":"https:\/\/prestige-e.com\/product\/portefeuille-meisterstuck-6cc\/"},"modified":"2025-11-27T13:27:31","modified_gmt":"2025-11-27T12:27:31","slug":"portefeuille-meisterstuck-6cc","status":"publish","type":"product","link":"https:\/\/prestige-e.com\/fr\/produit\/portefeuille-meisterstuck-6cc\/","title":{"rendered":"Portefeuille Meisterst\u00fcck 6cc"},"content":{"rendered":"","protected":false},"excerpt":{"rendered":"<p>Le portefeuille Meisterst\u00fcck en cuir, dot\u00e9 de 6 emplacements pour cartes de cr\u00e9dit, est confectionn\u00e9 en cuir de vachette pleine fleur noir, avec une doublure jacquard orn\u00e9e du nom de la marque Montblanc et de l\u2019embl\u00e8me Montblanc entour\u00e9 d\u2019un anneau palladi\u00e9. Il dispose \u00e9galement de 2 compartiments pour les billets de banque et de 2 poches suppl\u00e9mentaires. Gr\u00e2ce \u00e0 ses qualit\u00e9s, le portefeuille Meisterst\u00fcck en cuir pleine fleur est un compagnon de tous les jours, refl\u00e9tant les longues traditions de fabrication de produits avec des mat\u00e9riaux \u00e9tudi\u00e9s et des artisans qualifi\u00e9s.<\/p>\n<p class=\"leather\"><strong class=\"key\">Cuir&nbsp;:<\/strong> cuir de vachette pleine fleur avec \u00e9clat profond Montblanc, tann\u00e9 au chrome, teint\u00e9 dans la masse<\/p>\n<p class=\"brand_colour\"><strong class=\"key\">Couleur&nbsp;:<\/strong> noir<\/p>\n<p><strong><br \/>\nSi vous \u00eates int\u00e9ress\u00e9 par d&rsquo;autres produits Montblanc, veuillez nous le faire savoir.<\/p>\n<p>Quantit\u00e9 minimale de commande requise pour ce produit :<\/strong><\/p>\n","protected":false},"featured_media":37458,"comment_status":"closed","ping_status":"closed","template":"","meta":{"inline_featured_image":false},"product_brand":[],"product_cat":[184,180],"product_tag":[],"class_list":{"0":"post-37454","1":"product","2":"type-product","3":"status-publish","4":"has-post-thumbnail","6":"product_cat-cuir-et-voyage","7":"product_cat-montblanc","9":"first","10":"instock","11":"shipping-taxable","12":"purchasable","13":"product-type-simple"},"aioseo_notices":[],"_links":{"self":[{"href":"https:\/\/prestige-e.com\/fr\/wp-json\/wp\/v2\/product\/37454","targetHints":{"allow":["GET"]}}],"collection":[{"href":"https:\/\/prestige-e.com\/fr\/wp-json\/wp\/v2\/product"}],"about":[{"href":"https:\/\/prestige-e.com\/fr\/wp-json\/wp\/v2\/types\/product"}],"replies":[{"embeddable":true,"href":"https:\/\/prestige-e.com\/fr\/wp-json\/wp\/v2\/comments?post=37454"}],"wp:featuredmedia":[{"embeddable":true,"href":"https:\/\/prestige-e.com\/fr\/wp-json\/wp\/v2\/media\/37458"}],"wp:attachment":[{"href":"https:\/\/prestige-e.com\/fr\/wp-json\/wp\/v2\/media?parent=37454"}],"wp:term":[{"taxonomy":"product_brand","embeddable":true,"href":"https:\/\/prestige-e.com\/fr\/wp-json\/wp\/v2\/product_brand?post=37454"},{"taxonomy":"product_cat","embeddable":true,"href":"https:\/\/prestige-e.com\/fr\/wp-json\/wp\/v2\/product_cat?post=37454"},{"taxonomy":"product_tag","embeddable":true,"href":"https:\/\/prestige-e.com\/fr\/wp-json\/wp\/v2\/product_tag?post=37454"}],"curies":[{"name":"wp","href":"https:\/\/api.w.org\/{rel}","templated":true}]}}