{"id":37453,"date":"2021-05-10T15:01:47","date_gmt":"2021-05-10T13:01:47","guid":{"rendered":"https:\/\/prestige-e.com\/product\/chronographe-monopoussoir-montblanc-1858\/"},"modified":"2025-11-27T13:27:30","modified_gmt":"2025-11-27T12:27:30","slug":"chronographe-monopoussoir-montblanc-1858","status":"publish","type":"product","link":"https:\/\/prestige-e.com\/fr\/produit\/chronographe-monopoussoir-montblanc-1858\/","title":{"rendered":"Chronographe monopoussoir Montblanc 1858"},"content":{"rendered":"","protected":false},"excerpt":{"rendered":"<p>La gamme Montblanc 1858 s\u2019inspire des montres Minerva professionnelles l\u00e9gendaires des ann\u00e9es 1920 et 1930, con\u00e7ues pour un usage militaire et l\u2019exploration. R\u00e9interpr\u00e9tant ces garde-temps l\u00e9gendaires, la gamme Montblanc 1858 exprime l\u2019esprit de l\u2019exploration de montagne, incarnant la tendance moderne du retour \u00e0 la nature. Le chronographe monopoussoir Montblanc 1858 se pr\u00e9sente dans un bo\u00eetier de 42 mm en acier inoxydable enti\u00e8rement satin\u00e9 avec une gravure sp\u00e9ciale sur le fond du bo\u00eetier. Il est dot\u00e9 d\u2019un cadran bicolore noir et beige qui rappelle les montres vintage et repr\u00e9sente les couleurs de la nature. Le chronographe est dot\u00e9 d\u2019une \u00e9chelle t\u00e9l\u00e9m\u00e9trique et est aliment\u00e9 par le calibre chronographe monopoussoir automatique MB. 25.12 de Montblanc qui indique le temps \u00e9coul\u00e9 avec une aiguille centrale des secondes et un compteur 30 minutes, tous deux dot\u00e9s d\u2019aiguilles blanches pour cr\u00e9er un contraste avec le cadran noir. Le garde-temps est compl\u00e9t\u00e9 par un bracelet technique vintage en acier inoxydable.      <\/p>\n<p><strong><br \/>\nSi vous \u00eates int\u00e9ress\u00e9 par d&rsquo;autres produits Montblanc, veuillez nous le faire savoir.<\/p>\n<p>Quantit\u00e9 minimale de commande requise pour ce produit :<\/strong><\/p>\n","protected":false},"featured_media":37455,"comment_status":"closed","ping_status":"closed","template":"","meta":{"inline_featured_image":false},"product_brand":[],"product_cat":[180,196],"product_tag":[],"class_list":{"0":"post-37453","1":"product","2":"type-product","3":"status-publish","4":"has-post-thumbnail","6":"product_cat-montblanc","7":"product_cat-montres","9":"first","10":"instock","11":"shipping-taxable","12":"purchasable","13":"product-type-simple"},"aioseo_notices":[],"_links":{"self":[{"href":"https:\/\/prestige-e.com\/fr\/wp-json\/wp\/v2\/product\/37453","targetHints":{"allow":["GET"]}}],"collection":[{"href":"https:\/\/prestige-e.com\/fr\/wp-json\/wp\/v2\/product"}],"about":[{"href":"https:\/\/prestige-e.com\/fr\/wp-json\/wp\/v2\/types\/product"}],"replies":[{"embeddable":true,"href":"https:\/\/prestige-e.com\/fr\/wp-json\/wp\/v2\/comments?post=37453"}],"wp:featuredmedia":[{"embeddable":true,"href":"https:\/\/prestige-e.com\/fr\/wp-json\/wp\/v2\/media\/37455"}],"wp:attachment":[{"href":"https:\/\/prestige-e.com\/fr\/wp-json\/wp\/v2\/media?parent=37453"}],"wp:term":[{"taxonomy":"product_brand","embeddable":true,"href":"https:\/\/prestige-e.com\/fr\/wp-json\/wp\/v2\/product_brand?post=37453"},{"taxonomy":"product_cat","embeddable":true,"href":"https:\/\/prestige-e.com\/fr\/wp-json\/wp\/v2\/product_cat?post=37453"},{"taxonomy":"product_tag","embeddable":true,"href":"https:\/\/prestige-e.com\/fr\/wp-json\/wp\/v2\/product_tag?post=37453"}],"curies":[{"name":"wp","href":"https:\/\/api.w.org\/{rel}","templated":true}]}}