{"id":37448,"date":"2021-05-10T07:26:04","date_gmt":"2021-05-10T05:26:04","guid":{"rendered":"https:\/\/prestige-e.com\/product\/meisterstuck-grain-souple-poche-6cc\/"},"modified":"2025-11-27T13:27:31","modified_gmt":"2025-11-27T12:27:31","slug":"meisterstuck-grain-souple-poche-6cc","status":"publish","type":"product","link":"https:\/\/prestige-e.com\/fr\/produit\/meisterstuck-grain-souple-poche-6cc\/","title":{"rendered":"Meisterstuck grain souple poche 6cc"},"content":{"rendered":"","protected":false},"excerpt":{"rendered":"<p>Fabriqu\u00e9 en cuir grain\u00e9 souple, cet accessoire de poche constitue la solution \u00e9l\u00e9gante pour conserver les \u00e9l\u00e9ments de paiement essentiels en un lieu s\u00fbr. Une alternative fonctionnelle compacte et contemporaine aux portefeuilles. <\/p>\n<p class=\"materials\"><strong class=\"key\">Couleur de l&rsquo;\u00e9tui : <\/strong>cuir de vachette<\/p>\n<p class=\"leather\"><strong class=\"key\">Cuir : <\/strong>Combinaison de cuir de vachette pleine fleur grain\u00e9 et lisse, tann\u00e9 au chrome, teint\u00e9 dans la masse<\/p>\n<p class=\"brand_colour\"><strong class=\"key\">Couleur : <\/strong>noir<\/p>\n<p><strong><br \/>\nSi vous \u00eates int\u00e9ress\u00e9 par d&rsquo;autres produits Montblanc, veuillez nous le faire savoir.<\/p>\n<p>Quantit\u00e9 minimale de commande requise pour ce produit :<\/strong><\/p>\n","protected":false},"featured_media":37452,"comment_status":"closed","ping_status":"closed","template":"","meta":{"inline_featured_image":false},"product_brand":[],"product_cat":[184,180],"product_tag":[],"class_list":{"0":"post-37448","1":"product","2":"type-product","3":"status-publish","4":"has-post-thumbnail","6":"product_cat-cuir-et-voyage","7":"product_cat-montblanc","9":"first","10":"instock","11":"shipping-taxable","12":"purchasable","13":"product-type-simple"},"aioseo_notices":[],"_links":{"self":[{"href":"https:\/\/prestige-e.com\/fr\/wp-json\/wp\/v2\/product\/37448","targetHints":{"allow":["GET"]}}],"collection":[{"href":"https:\/\/prestige-e.com\/fr\/wp-json\/wp\/v2\/product"}],"about":[{"href":"https:\/\/prestige-e.com\/fr\/wp-json\/wp\/v2\/types\/product"}],"replies":[{"embeddable":true,"href":"https:\/\/prestige-e.com\/fr\/wp-json\/wp\/v2\/comments?post=37448"}],"wp:featuredmedia":[{"embeddable":true,"href":"https:\/\/prestige-e.com\/fr\/wp-json\/wp\/v2\/media\/37452"}],"wp:attachment":[{"href":"https:\/\/prestige-e.com\/fr\/wp-json\/wp\/v2\/media?parent=37448"}],"wp:term":[{"taxonomy":"product_brand","embeddable":true,"href":"https:\/\/prestige-e.com\/fr\/wp-json\/wp\/v2\/product_brand?post=37448"},{"taxonomy":"product_cat","embeddable":true,"href":"https:\/\/prestige-e.com\/fr\/wp-json\/wp\/v2\/product_cat?post=37448"},{"taxonomy":"product_tag","embeddable":true,"href":"https:\/\/prestige-e.com\/fr\/wp-json\/wp\/v2\/product_tag?post=37448"}],"curies":[{"name":"wp","href":"https:\/\/api.w.org\/{rel}","templated":true}]}}