{"id":37443,"date":"2021-05-10T07:45:14","date_gmt":"2021-05-10T05:45:14","guid":{"rendered":"https:\/\/prestige-e.com\/product\/porte-cartes-de-visite-meisterstuck\/"},"modified":"2025-11-27T13:27:31","modified_gmt":"2025-11-27T12:27:31","slug":"porte-cartes-de-visite-meisterstuck","status":"publish","type":"product","link":"https:\/\/prestige-e.com\/fr\/produit\/porte-cartes-de-visite-meisterstuck\/","title":{"rendered":"Porte-cartes de visite Meisterstuck"},"content":{"rendered":"","protected":false},"excerpt":{"rendered":"<p>Porte-cartes de visite en cuir de vachette pleine fleur noir avec finition brillante profonde Montblanc, doublure jacquard avec nom de marque Montblanc, et embl\u00e8me Montblanc avec anneau finition palladium, avec compartiment pour cartes de visite, 2 poches pour cartes de cr\u00e9dit, poche suppl\u00e9mentaire.<\/p>\n<p><strong class=\"key\">Cuir : <\/strong>Cuir de vachette pleine fleur avec finition brillante profonde Montblanc, tann\u00e9 au chrome, teint\u00e9 dans la masse<br \/>\n<strong class=\"key\">Couleur : <\/strong>Noir<\/p>\n<p><strong><br \/>\nSi vous \u00eates int\u00e9ress\u00e9 par d&rsquo;autres produits Montblanc, veuillez nous en informer.<\/p>\n<p>Quantit\u00e9 minimum de commande requise pour ce produit :<\/strong><\/p>\n","protected":false},"featured_media":37444,"comment_status":"closed","ping_status":"closed","template":"","meta":{"inline_featured_image":false},"product_brand":[],"product_cat":[184,180],"product_tag":[],"class_list":{"0":"post-37443","1":"product","2":"type-product","3":"status-publish","4":"has-post-thumbnail","6":"product_cat-cuir-et-voyage","7":"product_cat-montblanc","9":"first","10":"instock","11":"shipping-taxable","12":"purchasable","13":"product-type-simple"},"aioseo_notices":[],"_links":{"self":[{"href":"https:\/\/prestige-e.com\/fr\/wp-json\/wp\/v2\/product\/37443","targetHints":{"allow":["GET"]}}],"collection":[{"href":"https:\/\/prestige-e.com\/fr\/wp-json\/wp\/v2\/product"}],"about":[{"href":"https:\/\/prestige-e.com\/fr\/wp-json\/wp\/v2\/types\/product"}],"replies":[{"embeddable":true,"href":"https:\/\/prestige-e.com\/fr\/wp-json\/wp\/v2\/comments?post=37443"}],"wp:featuredmedia":[{"embeddable":true,"href":"https:\/\/prestige-e.com\/fr\/wp-json\/wp\/v2\/media\/37444"}],"wp:attachment":[{"href":"https:\/\/prestige-e.com\/fr\/wp-json\/wp\/v2\/media?parent=37443"}],"wp:term":[{"taxonomy":"product_brand","embeddable":true,"href":"https:\/\/prestige-e.com\/fr\/wp-json\/wp\/v2\/product_brand?post=37443"},{"taxonomy":"product_cat","embeddable":true,"href":"https:\/\/prestige-e.com\/fr\/wp-json\/wp\/v2\/product_cat?post=37443"},{"taxonomy":"product_tag","embeddable":true,"href":"https:\/\/prestige-e.com\/fr\/wp-json\/wp\/v2\/product_tag?post=37443"}],"curies":[{"name":"wp","href":"https:\/\/api.w.org\/{rel}","templated":true}]}}