{"id":37439,"date":"2021-05-10T07:54:02","date_gmt":"2021-05-10T05:54:02","guid":{"rendered":"https:\/\/prestige-e.com\/product\/sac-a-dos-large-montblanc-extreme-2-0\/"},"modified":"2025-11-27T13:27:30","modified_gmt":"2025-11-27T12:27:30","slug":"sac-a-dos-large-montblanc-extreme-2-0","status":"publish","type":"product","link":"https:\/\/prestige-e.com\/fr\/produit\/sac-a-dos-large-montblanc-extreme-2-0\/","title":{"rendered":"Sac \u00e0 dos large Montblanc extreme 2.0"},"content":{"rendered":"","protected":false},"excerpt":{"rendered":"<p>Avec sa couleur noire audacieuse, la combinaison de cuir uni et \u00e0 motif imprim\u00e9 fibre de carbone et les accessoires m\u00e9talliques noirs mats, ce sac est le compagnon id\u00e9al pour les jeunes explorateurs urbains qui vivent intens\u00e9ment leur quotidien. Le sac \u00e0 dos large comprend 3 compartiments principaux, 1 poche avant ouverte ; \u00e0 l&rsquo;int\u00e9rieur : compartiment rembourr\u00e9 pour ordinateur portable, 2 poches pour t\u00e9l\u00e9phone portable, 1 poche ouverte rembourr\u00e9e, 1 poche zipp\u00e9e, 3 boucles pour instruments d&rsquo;\u00e9criture. <\/p>\n<p class=\"leather\"><strong class=\"key\">Cuir : <\/strong>Cuir de veau fendu, tann\u00e9 au chrome, teint\u00e9 dans la masse, uni et avec impression fibre de carbone<\/p>\n<p class=\"strap_description\"><strong class=\"key\">Description des sangles : <\/strong>2 bretelles r\u00e9glables<\/p>\n<p class=\"brand_colour\"><strong class=\"key\">Couleur : <\/strong>noir<\/p>\n<p><strong><br \/>\nSi vous \u00eates int\u00e9ress\u00e9 par d&rsquo;autres produits Montblanc, veuillez nous le faire savoir.<\/p>\n<p>Quantit\u00e9 minimale de commande requise pour ce produit :<\/strong><\/p>\n","protected":false},"featured_media":37441,"comment_status":"closed","ping_status":"closed","template":"","meta":{"inline_featured_image":false},"product_brand":[],"product_cat":[184,180],"product_tag":[],"class_list":{"0":"post-37439","1":"product","2":"type-product","3":"status-publish","4":"has-post-thumbnail","6":"product_cat-cuir-et-voyage","7":"product_cat-montblanc","9":"first","10":"instock","11":"shipping-taxable","12":"purchasable","13":"product-type-simple"},"aioseo_notices":[],"_links":{"self":[{"href":"https:\/\/prestige-e.com\/fr\/wp-json\/wp\/v2\/product\/37439","targetHints":{"allow":["GET"]}}],"collection":[{"href":"https:\/\/prestige-e.com\/fr\/wp-json\/wp\/v2\/product"}],"about":[{"href":"https:\/\/prestige-e.com\/fr\/wp-json\/wp\/v2\/types\/product"}],"replies":[{"embeddable":true,"href":"https:\/\/prestige-e.com\/fr\/wp-json\/wp\/v2\/comments?post=37439"}],"wp:featuredmedia":[{"embeddable":true,"href":"https:\/\/prestige-e.com\/fr\/wp-json\/wp\/v2\/media\/37441"}],"wp:attachment":[{"href":"https:\/\/prestige-e.com\/fr\/wp-json\/wp\/v2\/media?parent=37439"}],"wp:term":[{"taxonomy":"product_brand","embeddable":true,"href":"https:\/\/prestige-e.com\/fr\/wp-json\/wp\/v2\/product_brand?post=37439"},{"taxonomy":"product_cat","embeddable":true,"href":"https:\/\/prestige-e.com\/fr\/wp-json\/wp\/v2\/product_cat?post=37439"},{"taxonomy":"product_tag","embeddable":true,"href":"https:\/\/prestige-e.com\/fr\/wp-json\/wp\/v2\/product_tag?post=37439"}],"curies":[{"name":"wp","href":"https:\/\/api.w.org\/{rel}","templated":true}]}}