{"id":37436,"date":"2021-05-17T15:13:33","date_gmt":"2021-05-17T13:13:33","guid":{"rendered":"https:\/\/prestige-e.com\/product\/carres-projets-au-crayon-foulard-90\/"},"modified":"2025-11-27T13:27:09","modified_gmt":"2025-11-27T12:27:09","slug":"carres-projets-au-crayon-foulard-90","status":"publish","type":"product","link":"https:\/\/prestige-e.com\/fr\/produit\/carres-projets-au-crayon-foulard-90\/","title":{"rendered":"Carr\u00e9s Projets au crayon, foulard 90"},"content":{"rendered":"","protected":false},"excerpt":{"rendered":"<div class=\"lv-product-features\">\n<div class=\"lv-expandable-panel -minimal-height\">\n<div id=\"read-more\" class=\"lv-expandable-panel__content\" aria-hidden=\"false\">\n<div class=\"lv-product-features\">\n<div class=\"lv-expandable-panel -minimal-height\">\n<div id=\"read-more\" class=\"lv-expandable-panel__content\" aria-hidden=\"false\">\n<div class=\"lv-product-features\">\n<div class=\"lv-expandable-panel -minimal-height\">\n<div id=\"read-more\" class=\"lv-expandable-panel__content\" aria-hidden=\"false\">\n<div class=\"lv-product-features\">\n<div class=\"lv-expandable-panel -minimal-height\">\n<div id=\"read-more\" class=\"lv-expandable-panel__content\" aria-hidden=\"false\">\n<div class=\"lv-expandable-panel -minimal-height\">\n<div id=\"read-more\" class=\"lv-expandable-panel__content\" aria-hidden=\"false\">\n<div class=\"lv-product-description\">\n<div class=\"lv-expandable-panel -minimal-height\">\n<div id=\"read-more\" class=\"lv-expandable-panel__content\" aria-hidden=\"false\">\n<div class=\"lv-expandable-panel -minimal-height\">\n<div id=\"read-more\" class=\"lv-expandable-panel__content\" aria-hidden=\"false\">\n<div class=\"lv-expandable-panel -minimal-height\">\n<div class=\"product-meet-family\">\n<p class=\"product-attribute-font-description\">Carr\u00e9 en twill de soie avec bords roulott\u00e9s \u00e0 la main (100% soie).<\/p>\n<p>Cet accessoire Herm\u00e8s essentiel compl\u00e8te toute tenue et peut \u00eatre port\u00e9 de multiples fa\u00e7ons : autour du cou, comme un top, \u00e0 la taille ou comme un foulard !<\/p>\n<p>Fabriqu\u00e9 en France<\/p>\n<p class=\"product-attribute-font-description ng-star-inserted\">Dessin\u00e9 par Henri d&rsquo;Origny<\/p>\n<p class=\"product-attribute-font-description ng-star-inserted\">Mesure 90 cm x 90 cm | Les dimensions indiqu\u00e9es peuvent varier car ce carr\u00e9 est roulott\u00e9 \u00e0 la main.<\/p>\n<p><strong><br \/>\nSi vous \u00eates int\u00e9ress\u00e9 par d&rsquo;autres produits Herm\u00e8s, veuillez nous en informer.<\/p>\n<p>Quantit\u00e9 minimale de commande requise pour ce produit :<\/strong><\/p>\n<\/div>\n<\/div>\n<\/div>\n<\/div>\n<\/div>\n<\/div>\n<\/div>\n<\/div>\n<\/div>\n<\/div>\n<\/div>\n<\/div>\n<\/div>\n<\/div>\n<\/div>\n<\/div>\n<\/div>\n<\/div>\n<\/div>\n<\/div>\n<\/div>\n","protected":false},"featured_media":37437,"comment_status":"closed","ping_status":"closed","template":"","meta":{"inline_featured_image":false},"product_brand":[],"product_cat":[193,192],"product_tag":[],"class_list":{"0":"post-37436","1":"product","2":"type-product","3":"status-publish","4":"has-post-thumbnail","6":"product_cat-echarpes-hermes","7":"product_cat-hermes","9":"first","10":"instock","11":"shipping-taxable","12":"purchasable","13":"product-type-simple"},"aioseo_notices":[],"_links":{"self":[{"href":"https:\/\/prestige-e.com\/fr\/wp-json\/wp\/v2\/product\/37436","targetHints":{"allow":["GET"]}}],"collection":[{"href":"https:\/\/prestige-e.com\/fr\/wp-json\/wp\/v2\/product"}],"about":[{"href":"https:\/\/prestige-e.com\/fr\/wp-json\/wp\/v2\/types\/product"}],"replies":[{"embeddable":true,"href":"https:\/\/prestige-e.com\/fr\/wp-json\/wp\/v2\/comments?post=37436"}],"wp:featuredmedia":[{"embeddable":true,"href":"https:\/\/prestige-e.com\/fr\/wp-json\/wp\/v2\/media\/37437"}],"wp:attachment":[{"href":"https:\/\/prestige-e.com\/fr\/wp-json\/wp\/v2\/media?parent=37436"}],"wp:term":[{"taxonomy":"product_brand","embeddable":true,"href":"https:\/\/prestige-e.com\/fr\/wp-json\/wp\/v2\/product_brand?post=37436"},{"taxonomy":"product_cat","embeddable":true,"href":"https:\/\/prestige-e.com\/fr\/wp-json\/wp\/v2\/product_cat?post=37436"},{"taxonomy":"product_tag","embeddable":true,"href":"https:\/\/prestige-e.com\/fr\/wp-json\/wp\/v2\/product_tag?post=37436"}],"curies":[{"name":"wp","href":"https:\/\/api.w.org\/{rel}","templated":true}]}}