{"id":37372,"date":"2021-03-31T07:24:24","date_gmt":"2021-03-31T05:24:24","guid":{"rendered":"https:\/\/prestige-e.com\/product\/stylo-biotique-true\/"},"modified":"2025-11-27T13:27:46","modified_gmt":"2025-11-27T12:27:46","slug":"stylo-biotique-true","status":"publish","type":"product","link":"https:\/\/prestige-e.com\/fr\/produit\/stylo-biotique-true\/","title":{"rendered":"Stylo biotique True"},"content":{"rendered":"","protected":false},"excerpt":{"rendered":"<p>Stylos biotiques True antibact\u00e9riens.<br \/>\n Ces stylos sont durables et fabriqu\u00e9s \u00e0 partir de biopolym\u00e8res naturels sans plastique (PHA).<br \/>\n Ces stylos biotiques True allient durabilit\u00e9, design de qualit\u00e9 sup\u00e9rieure et fabrication soign\u00e9e.<\/p>\n<p> Nous pouvons personnaliser les articles selon les besoins esth\u00e9tiques du client.<\/p>\n","protected":false},"featured_media":37379,"comment_status":"closed","ping_status":"closed","template":"","meta":{"inline_featured_image":false},"product_brand":[],"product_cat":[146,178],"product_tag":[],"class_list":{"0":"post-37372","1":"product","2":"type-product","3":"status-publish","4":"has-post-thumbnail","6":"product_cat-articles-de-bureau","7":"product_cat-bureau-articles-de-bureau","9":"first","10":"instock","11":"shipping-taxable","12":"purchasable","13":"product-type-simple"},"aioseo_notices":[],"_links":{"self":[{"href":"https:\/\/prestige-e.com\/fr\/wp-json\/wp\/v2\/product\/37372","targetHints":{"allow":["GET"]}}],"collection":[{"href":"https:\/\/prestige-e.com\/fr\/wp-json\/wp\/v2\/product"}],"about":[{"href":"https:\/\/prestige-e.com\/fr\/wp-json\/wp\/v2\/types\/product"}],"replies":[{"embeddable":true,"href":"https:\/\/prestige-e.com\/fr\/wp-json\/wp\/v2\/comments?post=37372"}],"wp:featuredmedia":[{"embeddable":true,"href":"https:\/\/prestige-e.com\/fr\/wp-json\/wp\/v2\/media\/37379"}],"wp:attachment":[{"href":"https:\/\/prestige-e.com\/fr\/wp-json\/wp\/v2\/media?parent=37372"}],"wp:term":[{"taxonomy":"product_brand","embeddable":true,"href":"https:\/\/prestige-e.com\/fr\/wp-json\/wp\/v2\/product_brand?post=37372"},{"taxonomy":"product_cat","embeddable":true,"href":"https:\/\/prestige-e.com\/fr\/wp-json\/wp\/v2\/product_cat?post=37372"},{"taxonomy":"product_tag","embeddable":true,"href":"https:\/\/prestige-e.com\/fr\/wp-json\/wp\/v2\/product_tag?post=37372"}],"curies":[{"name":"wp","href":"https:\/\/api.w.org\/{rel}","templated":true}]}}