{"id":37366,"date":"2021-02-17T05:17:42","date_gmt":"2021-02-17T04:17:42","guid":{"rendered":"https:\/\/prestige-e.com\/product\/sac-en-cuir\/"},"modified":"2025-11-27T13:27:51","modified_gmt":"2025-11-27T12:27:51","slug":"sac-en-cuir","status":"publish","type":"product","link":"https:\/\/prestige-e.com\/fr\/produit\/sac-en-cuir\/","title":{"rendered":"Sac en cuir"},"content":{"rendered":"","protected":false},"excerpt":{"rendered":"<p>Le compagnon id\u00e9al pour le bureau ! Con\u00e7u pour transporter facilement tous vos accessoires informatiques, ce sac peut accueillir un ordinateur portable jusqu\u2019\u00e0 17 pouces. Fabriqu\u00e9 en cuir durable et raffin\u00e9, il allie r\u00e9sistance et \u00e9l\u00e9gance. Il est \u00e9quip\u00e9 d\u2019une bandouli\u00e8re solide, ajustable et amovible, de fermetures \u00e9clair fluides \u00e0 l\u2019int\u00e9rieur comme \u00e0 l\u2019ext\u00e9rieur, ainsi que de deux compartiments rembourr\u00e9s pour une protection optimale de vos appareils. Ses deux poign\u00e9es robustes assurent un confort de transport en toutes circonstances. Un mod\u00e8le unisexe, parfait pour les professionnels exigeants, hommes et femmes.<\/p>\n<p>&nbsp;<\/p>\n<p><strong>Dimensions : 40 \u00d7 11 \u00d7 31 cm<\/strong><\/p>\n<p><strong>Toutes nos cr\u00e9ations en cuir peuvent \u00eatre personnalis\u00e9es selon vos besoins.<\/strong><\/p>\n<p><strong><br \/>\nCouleurs disponibles et quantit\u00e9 minimale de commande :<\/strong><\/p>\n","protected":false},"featured_media":35371,"comment_status":"closed","ping_status":"closed","template":"","meta":{"inline_featured_image":false},"product_brand":[],"product_cat":[167,166,168],"product_tag":[],"class_list":{"0":"post-37366","1":"product","2":"type-product","3":"status-publish","4":"has-post-thumbnail","6":"product_cat-jsc","7":"product_cat-sacs-creations-en-cuir","8":"product_cat-sacs-jsc","10":"first","11":"instock","12":"shipping-taxable","13":"purchasable","14":"product-type-variable","15":"has-default-attributes"},"aioseo_notices":[],"_links":{"self":[{"href":"https:\/\/prestige-e.com\/fr\/wp-json\/wp\/v2\/product\/37366","targetHints":{"allow":["GET"]}}],"collection":[{"href":"https:\/\/prestige-e.com\/fr\/wp-json\/wp\/v2\/product"}],"about":[{"href":"https:\/\/prestige-e.com\/fr\/wp-json\/wp\/v2\/types\/product"}],"replies":[{"embeddable":true,"href":"https:\/\/prestige-e.com\/fr\/wp-json\/wp\/v2\/comments?post=37366"}],"wp:featuredmedia":[{"embeddable":true,"href":"https:\/\/prestige-e.com\/fr\/wp-json\/wp\/v2\/media\/35371"}],"wp:attachment":[{"href":"https:\/\/prestige-e.com\/fr\/wp-json\/wp\/v2\/media?parent=37366"}],"wp:term":[{"taxonomy":"product_brand","embeddable":true,"href":"https:\/\/prestige-e.com\/fr\/wp-json\/wp\/v2\/product_brand?post=37366"},{"taxonomy":"product_cat","embeddable":true,"href":"https:\/\/prestige-e.com\/fr\/wp-json\/wp\/v2\/product_cat?post=37366"},{"taxonomy":"product_tag","embeddable":true,"href":"https:\/\/prestige-e.com\/fr\/wp-json\/wp\/v2\/product_tag?post=37366"}],"curies":[{"name":"wp","href":"https:\/\/api.w.org\/{rel}","templated":true}]}}