{"id":37363,"date":"2021-04-28T13:49:24","date_gmt":"2021-04-28T11:49:24","guid":{"rendered":"https:\/\/prestige-e.com\/product\/en-roue-libre-wash-90\/"},"modified":"2025-11-27T13:27:39","modified_gmt":"2025-11-27T12:27:39","slug":"en-roue-libre-wash-90","status":"publish","type":"product","link":"https:\/\/prestige-e.com\/fr\/produit\/en-roue-libre-wash-90\/","title":{"rendered":"En roue libre Wash 90"},"content":{"rendered":"","protected":false},"excerpt":{"rendered":"<p class=\"product-attribute-font-description\">Carr\u00e9 en twill de soie avec bords roulott\u00e9s \u00e0 la main (100% soie).<\/p>\n<p>Lav\u00e9 par les mains expertes de nos artisans, le carr\u00e9 se transforme en une pi\u00e8ce d\u00e9contract\u00e9e et raffin\u00e9e. Gr\u00e2ce \u00e0 ce proc\u00e9d\u00e9 exclusif, chaque carr\u00e9 unique peut l\u00e9g\u00e8rement varier dans ses dimensions.<br \/>\nConsultez la section Entretien pour plus de d\u00e9tails sur l&rsquo;entretien de votre carr\u00e9 lav\u00e9. <\/p>\n<p>Fabriqu\u00e9 en France<\/p>\n<p class=\"product-attribute-font-description ng-star-inserted\">Con\u00e7u par Vladimir Rybaltchenko<\/p>\n<p class=\"product-attribute-font-description ng-star-inserted\">Mesure 90 cm x 90 cm | Les dimensions indiqu\u00e9es peuvent varier car ce carr\u00e9 est roulott\u00e9 \u00e0 la main.<\/p>\n<p><strong><br \/>\nSi vous \u00eates int\u00e9ress\u00e9 par d&rsquo;autres produits Herm\u00e8s, veuillez nous en informer.<\/p>\n<p>Quantit\u00e9 minimale de commande requise pour ce produit :<\/strong><\/p>\n","protected":false},"featured_media":37365,"comment_status":"closed","ping_status":"closed","template":"","meta":{"inline_featured_image":false},"product_brand":[],"product_cat":[193,192],"product_tag":[],"class_list":{"0":"post-37363","1":"product","2":"type-product","3":"status-publish","4":"has-post-thumbnail","6":"product_cat-echarpes-hermes","7":"product_cat-hermes","9":"first","10":"instock","11":"shipping-taxable","12":"purchasable","13":"product-type-simple"},"aioseo_notices":[],"_links":{"self":[{"href":"https:\/\/prestige-e.com\/fr\/wp-json\/wp\/v2\/product\/37363","targetHints":{"allow":["GET"]}}],"collection":[{"href":"https:\/\/prestige-e.com\/fr\/wp-json\/wp\/v2\/product"}],"about":[{"href":"https:\/\/prestige-e.com\/fr\/wp-json\/wp\/v2\/types\/product"}],"replies":[{"embeddable":true,"href":"https:\/\/prestige-e.com\/fr\/wp-json\/wp\/v2\/comments?post=37363"}],"wp:featuredmedia":[{"embeddable":true,"href":"https:\/\/prestige-e.com\/fr\/wp-json\/wp\/v2\/media\/37365"}],"wp:attachment":[{"href":"https:\/\/prestige-e.com\/fr\/wp-json\/wp\/v2\/media?parent=37363"}],"wp:term":[{"taxonomy":"product_brand","embeddable":true,"href":"https:\/\/prestige-e.com\/fr\/wp-json\/wp\/v2\/product_brand?post=37363"},{"taxonomy":"product_cat","embeddable":true,"href":"https:\/\/prestige-e.com\/fr\/wp-json\/wp\/v2\/product_cat?post=37363"},{"taxonomy":"product_tag","embeddable":true,"href":"https:\/\/prestige-e.com\/fr\/wp-json\/wp\/v2\/product_tag?post=37363"}],"curies":[{"name":"wp","href":"https:\/\/api.w.org\/{rel}","templated":true}]}}