{"id":37352,"date":"2021-05-10T05:53:41","date_gmt":"2021-05-10T03:53:41","guid":{"rendered":"https:\/\/prestige-e.com\/product\/boutons-de-manchette-starwalker\/"},"modified":"2025-11-27T13:27:32","modified_gmt":"2025-11-27T12:27:32","slug":"boutons-de-manchette-starwalker","status":"publish","type":"product","link":"https:\/\/prestige-e.com\/fr\/produit\/boutons-de-manchette-starwalker\/","title":{"rendered":"Boutons de manchette Starwalker"},"content":{"rendered":"","protected":false},"excerpt":{"rendered":"<p>Ces boutons de manchette ovales Montblanc StarWalker, en acier inoxydable avec l\u2019embl\u00e8me Montblanc, s\u2019inspirent de l\u2019h\u00e9ritage de la Maison. Ces boutons de manchette sont assortis \u00e0 la collection d\u2019instruments d\u2019\u00e9criture StarWalker.<\/p>\n<p>Poids physique : 8,6 kg<br \/>\nCouleur du bo\u00eetier : Laque.<\/p>\n<p><strong><br \/>\nSi vous \u00eates int\u00e9ress\u00e9 par d&rsquo;autres produits Montblanc, veuillez nous en faire part.<\/p>\n<p>Quantit\u00e9 minimum de commande requise pour ce produit :<\/strong><\/p>\n","protected":false},"featured_media":37353,"comment_status":"closed","ping_status":"closed","template":"","meta":{"inline_featured_image":false},"product_brand":[],"product_cat":[202,180],"product_tag":[],"class_list":{"0":"post-37352","1":"product","2":"type-product","3":"status-publish","4":"has-post-thumbnail","6":"product_cat-accessoires-montblanc","7":"product_cat-montblanc","9":"first","10":"instock","11":"shipping-taxable","12":"purchasable","13":"product-type-simple"},"aioseo_notices":[],"_links":{"self":[{"href":"https:\/\/prestige-e.com\/fr\/wp-json\/wp\/v2\/product\/37352","targetHints":{"allow":["GET"]}}],"collection":[{"href":"https:\/\/prestige-e.com\/fr\/wp-json\/wp\/v2\/product"}],"about":[{"href":"https:\/\/prestige-e.com\/fr\/wp-json\/wp\/v2\/types\/product"}],"replies":[{"embeddable":true,"href":"https:\/\/prestige-e.com\/fr\/wp-json\/wp\/v2\/comments?post=37352"}],"wp:featuredmedia":[{"embeddable":true,"href":"https:\/\/prestige-e.com\/fr\/wp-json\/wp\/v2\/media\/37353"}],"wp:attachment":[{"href":"https:\/\/prestige-e.com\/fr\/wp-json\/wp\/v2\/media?parent=37352"}],"wp:term":[{"taxonomy":"product_brand","embeddable":true,"href":"https:\/\/prestige-e.com\/fr\/wp-json\/wp\/v2\/product_brand?post=37352"},{"taxonomy":"product_cat","embeddable":true,"href":"https:\/\/prestige-e.com\/fr\/wp-json\/wp\/v2\/product_cat?post=37352"},{"taxonomy":"product_tag","embeddable":true,"href":"https:\/\/prestige-e.com\/fr\/wp-json\/wp\/v2\/product_tag?post=37352"}],"curies":[{"name":"wp","href":"https:\/\/api.w.org\/{rel}","templated":true}]}}