{"id":37345,"date":"2021-05-08T11:11:55","date_gmt":"2021-05-08T09:11:55","guid":{"rendered":"https:\/\/prestige-e.com\/product\/stylo-bille-starwalker-blue-planet-en-resine-precieuse\/"},"modified":"2025-11-27T13:27:33","modified_gmt":"2025-11-27T12:27:33","slug":"stylo-bille-starwalker-blue-planet-en-resine-precieuse","status":"publish","type":"product","link":"https:\/\/prestige-e.com\/fr\/produit\/stylo-bille-starwalker-blue-planet-en-resine-precieuse\/","title":{"rendered":"Stylo bille Starwalker Blue Planet en r\u00e9sine pr\u00e9cieuse"},"content":{"rendered":"","protected":false},"excerpt":{"rendered":"<p>StarWalker Blue Planet \u00e9voque la marche au milieu des \u00e9toiles, l\u2019exploration du cosmos et des galaxies \u00e9trang\u00e8res, et la participation \u00e0 l\u2019une des aventures les plus myst\u00e9rieuses et les plus puissantes que l\u2019humanit\u00e9 ait jamais entreprises : l\u2019exploration spatiale. En zoomant sur notre plan\u00e8te Terre, nous nous inspirons de l\u2019eau, source de vie. L\u2019embl\u00e8me StarWalker est dot\u00e9 d\u2019un d\u00f4me translucide bleu avec une \u00e9toile flottant au sommet, qui repr\u00e9sente la Terre \u00e9mergeant au-dessus de l\u2019horizon lunaire, telle qu\u2019elle est vue depuis la Lune. Le StarWalker Precious Resin est dot\u00e9 d\u2019attributs platin\u00e9s et d\u2019un corps en r\u00e9sine pr\u00e9cieuse bleue.   <\/p>\n<p><strong><br \/>\nSi vous \u00eates int\u00e9ress\u00e9 par d\u2019autres produits Montblanc, veuillez nous en informer.<\/p>\n<p>Quantit\u00e9 minimale de commande requise pour ce produit&nbsp;:<\/strong><\/p>\n","protected":false},"featured_media":37347,"comment_status":"closed","ping_status":"closed","template":"","meta":{"inline_featured_image":false},"product_brand":[],"product_cat":[181,180],"product_tag":[],"class_list":{"0":"post-37345","1":"product","2":"type-product","3":"status-publish","4":"has-post-thumbnail","6":"product_cat-instruments-decriture","7":"product_cat-montblanc","9":"first","10":"instock","11":"shipping-taxable","12":"purchasable","13":"product-type-simple"},"aioseo_notices":[],"_links":{"self":[{"href":"https:\/\/prestige-e.com\/fr\/wp-json\/wp\/v2\/product\/37345","targetHints":{"allow":["GET"]}}],"collection":[{"href":"https:\/\/prestige-e.com\/fr\/wp-json\/wp\/v2\/product"}],"about":[{"href":"https:\/\/prestige-e.com\/fr\/wp-json\/wp\/v2\/types\/product"}],"replies":[{"embeddable":true,"href":"https:\/\/prestige-e.com\/fr\/wp-json\/wp\/v2\/comments?post=37345"}],"wp:featuredmedia":[{"embeddable":true,"href":"https:\/\/prestige-e.com\/fr\/wp-json\/wp\/v2\/media\/37347"}],"wp:attachment":[{"href":"https:\/\/prestige-e.com\/fr\/wp-json\/wp\/v2\/media?parent=37345"}],"wp:term":[{"taxonomy":"product_brand","embeddable":true,"href":"https:\/\/prestige-e.com\/fr\/wp-json\/wp\/v2\/product_brand?post=37345"},{"taxonomy":"product_cat","embeddable":true,"href":"https:\/\/prestige-e.com\/fr\/wp-json\/wp\/v2\/product_cat?post=37345"},{"taxonomy":"product_tag","embeddable":true,"href":"https:\/\/prestige-e.com\/fr\/wp-json\/wp\/v2\/product_tag?post=37345"}],"curies":[{"name":"wp","href":"https:\/\/api.w.org\/{rel}","templated":true}]}}