{"id":37341,"date":"2021-05-08T11:28:54","date_gmt":"2021-05-08T09:28:54","guid":{"rendered":"https:\/\/prestige-e.com\/product\/stylo-bille-classique-meisterstuck-plaque-or\/"},"modified":"2025-11-27T13:27:33","modified_gmt":"2025-11-27T12:27:33","slug":"stylo-bille-classique-meisterstuck-plaque-or","status":"publish","type":"product","link":"https:\/\/prestige-e.com\/fr\/produit\/stylo-bille-classique-meisterstuck-plaque-or\/","title":{"rendered":"Stylo bille classique Meisterst\u00fcck plaqu\u00e9 or"},"content":{"rendered":"","protected":false},"excerpt":{"rendered":"<p>La collection Montblanc Meisterst\u00fcck Classique plaqu\u00e9e or est un design qui \u00e9crit l&rsquo;histoire. Lanc\u00e9 en 1924, le Meisterst\u00fcck, dont le nom signifie \u00ab Chef-d&rsquo;\u0153uvre \u00bb, est devenu le symbole de l&rsquo;\u00e9criture de luxe haut de gamme. Le capuchon et le corps sont fabriqu\u00e9s en r\u00e9sine pr\u00e9cieuse noire avec l&#8217;embl\u00e9matique embl\u00e8me blanc Montblanc incrust\u00e9 sur le dessus du capuchon.  <\/p>\n<p><strong><br \/>\nSi vous \u00eates int\u00e9ress\u00e9 par d&rsquo;autres produits Montblanc, veuillez nous en informer.<\/strong><\/p>\n<p><strong>Quantit\u00e9 minimale de commande requise pour ce produit&nbsp;:<\/strong><\/p>\n","protected":false},"featured_media":37343,"comment_status":"closed","ping_status":"closed","template":"","meta":{"inline_featured_image":false},"product_brand":[],"product_cat":[181,180],"product_tag":[],"class_list":{"0":"post-37341","1":"product","2":"type-product","3":"status-publish","4":"has-post-thumbnail","6":"product_cat-instruments-decriture","7":"product_cat-montblanc","9":"first","10":"instock","11":"shipping-taxable","12":"purchasable","13":"product-type-simple"},"aioseo_notices":[],"_links":{"self":[{"href":"https:\/\/prestige-e.com\/fr\/wp-json\/wp\/v2\/product\/37341","targetHints":{"allow":["GET"]}}],"collection":[{"href":"https:\/\/prestige-e.com\/fr\/wp-json\/wp\/v2\/product"}],"about":[{"href":"https:\/\/prestige-e.com\/fr\/wp-json\/wp\/v2\/types\/product"}],"replies":[{"embeddable":true,"href":"https:\/\/prestige-e.com\/fr\/wp-json\/wp\/v2\/comments?post=37341"}],"wp:featuredmedia":[{"embeddable":true,"href":"https:\/\/prestige-e.com\/fr\/wp-json\/wp\/v2\/media\/37343"}],"wp:attachment":[{"href":"https:\/\/prestige-e.com\/fr\/wp-json\/wp\/v2\/media?parent=37341"}],"wp:term":[{"taxonomy":"product_brand","embeddable":true,"href":"https:\/\/prestige-e.com\/fr\/wp-json\/wp\/v2\/product_brand?post=37341"},{"taxonomy":"product_cat","embeddable":true,"href":"https:\/\/prestige-e.com\/fr\/wp-json\/wp\/v2\/product_cat?post=37341"},{"taxonomy":"product_tag","embeddable":true,"href":"https:\/\/prestige-e.com\/fr\/wp-json\/wp\/v2\/product_tag?post=37341"}],"curies":[{"name":"wp","href":"https:\/\/api.w.org\/{rel}","templated":true}]}}