{"id":37335,"date":"2021-05-08T13:53:32","date_gmt":"2021-05-08T11:53:32","guid":{"rendered":"https:\/\/prestige-e.com\/product\/boutons-de-manchette-meisterstuck\/"},"modified":"2025-11-27T13:27:33","modified_gmt":"2025-11-27T12:27:33","slug":"boutons-de-manchette-meisterstuck","status":"publish","type":"product","link":"https:\/\/prestige-e.com\/fr\/produit\/boutons-de-manchette-meisterstuck\/","title":{"rendered":"Boutons de manchette Meisterst\u00fcck"},"content":{"rendered":"","protected":false},"excerpt":{"rendered":"<p>Les boutons de manchette Meisterst\u00fcck c\u00e9l\u00e8brent un style et une \u00e9l\u00e9gance sobres. Li\u00e9s \u00e0 l&rsquo;instrument d&rsquo;\u00e9criture Meisterst\u00fcck de Montblanc, la forme ronde intemporelle en acier inoxydable avec une incrustation d&rsquo;onyx noir cr\u00e9e un bijou avec une puissante signature Montblanc. <\/p>\n<p><strong><br \/>\nSi vous \u00eates int\u00e9ress\u00e9 par d&rsquo;autres produits Montblanc, veuillez nous en informer.<\/strong><\/p>\n<p><strong>Quantit\u00e9 minimale de commande requise pour ce produit&nbsp;:<\/strong><\/p>\n","protected":false},"featured_media":37337,"comment_status":"closed","ping_status":"closed","template":"","meta":{"inline_featured_image":false},"product_brand":[],"product_cat":[202,180],"product_tag":[],"class_list":{"0":"post-37335","1":"product","2":"type-product","3":"status-publish","4":"has-post-thumbnail","6":"product_cat-accessoires-montblanc","7":"product_cat-montblanc","9":"first","10":"instock","11":"shipping-taxable","12":"purchasable","13":"product-type-simple"},"aioseo_notices":[],"_links":{"self":[{"href":"https:\/\/prestige-e.com\/fr\/wp-json\/wp\/v2\/product\/37335","targetHints":{"allow":["GET"]}}],"collection":[{"href":"https:\/\/prestige-e.com\/fr\/wp-json\/wp\/v2\/product"}],"about":[{"href":"https:\/\/prestige-e.com\/fr\/wp-json\/wp\/v2\/types\/product"}],"replies":[{"embeddable":true,"href":"https:\/\/prestige-e.com\/fr\/wp-json\/wp\/v2\/comments?post=37335"}],"wp:featuredmedia":[{"embeddable":true,"href":"https:\/\/prestige-e.com\/fr\/wp-json\/wp\/v2\/media\/37337"}],"wp:attachment":[{"href":"https:\/\/prestige-e.com\/fr\/wp-json\/wp\/v2\/media?parent=37335"}],"wp:term":[{"taxonomy":"product_brand","embeddable":true,"href":"https:\/\/prestige-e.com\/fr\/wp-json\/wp\/v2\/product_brand?post=37335"},{"taxonomy":"product_cat","embeddable":true,"href":"https:\/\/prestige-e.com\/fr\/wp-json\/wp\/v2\/product_cat?post=37335"},{"taxonomy":"product_tag","embeddable":true,"href":"https:\/\/prestige-e.com\/fr\/wp-json\/wp\/v2\/product_tag?post=37335"}],"curies":[{"name":"wp","href":"https:\/\/api.w.org\/{rel}","templated":true}]}}