{"id":37332,"date":"2021-05-08T06:19:21","date_gmt":"2021-05-08T04:19:21","guid":{"rendered":"https:\/\/prestige-e.com\/product\/foulard-happy-spirit\/"},"modified":"2025-11-27T13:27:34","modified_gmt":"2025-11-27T12:27:34","slug":"foulard-happy-spirit","status":"publish","type":"product","link":"https:\/\/prestige-e.com\/fr\/produit\/foulard-happy-spirit\/","title":{"rendered":"Foulard Happy Spirit"},"content":{"rendered":"","protected":false},"excerpt":{"rendered":"<p>Comme une constellation qui appara\u00eet nuit apr\u00e8s nuit, des anneaux d&rsquo;or et de diamants de toutes tailles diff\u00e9rentes \u00e9clatent sans fin contre un ciel de serg\u00e9 de soie fuchsia. Ce carr\u00e9 \u00e9toil\u00e9 magique fascine le regard et illumine le teint en caressant la peau.<\/p>\n<p><strong>Dimensions : 90 x 90 cm<\/strong><\/p>\n<p><strong>Mati\u00e8re : 100 % serg\u00e9 de soie biologique.<\/strong><\/p>\n<p><strong><br \/>\nSi vous \u00eates int\u00e9ress\u00e9 par d&rsquo;autres produits Chopard, veuillez nous en informer.<\/strong><\/p>\n","protected":false},"featured_media":37333,"comment_status":"closed","ping_status":"closed","template":"","meta":{"inline_featured_image":false},"product_brand":[],"product_cat":[176,198],"product_tag":[],"class_list":{"0":"post-37332","1":"product","2":"type-product","3":"status-publish","4":"has-post-thumbnail","6":"product_cat-chopard","7":"product_cat-echarpes-chopard","9":"first","10":"instock","11":"shipping-taxable","12":"purchasable","13":"product-type-simple"},"aioseo_notices":[],"_links":{"self":[{"href":"https:\/\/prestige-e.com\/fr\/wp-json\/wp\/v2\/product\/37332","targetHints":{"allow":["GET"]}}],"collection":[{"href":"https:\/\/prestige-e.com\/fr\/wp-json\/wp\/v2\/product"}],"about":[{"href":"https:\/\/prestige-e.com\/fr\/wp-json\/wp\/v2\/types\/product"}],"replies":[{"embeddable":true,"href":"https:\/\/prestige-e.com\/fr\/wp-json\/wp\/v2\/comments?post=37332"}],"wp:featuredmedia":[{"embeddable":true,"href":"https:\/\/prestige-e.com\/fr\/wp-json\/wp\/v2\/media\/37333"}],"wp:attachment":[{"href":"https:\/\/prestige-e.com\/fr\/wp-json\/wp\/v2\/media?parent=37332"}],"wp:term":[{"taxonomy":"product_brand","embeddable":true,"href":"https:\/\/prestige-e.com\/fr\/wp-json\/wp\/v2\/product_brand?post=37332"},{"taxonomy":"product_cat","embeddable":true,"href":"https:\/\/prestige-e.com\/fr\/wp-json\/wp\/v2\/product_cat?post=37332"},{"taxonomy":"product_tag","embeddable":true,"href":"https:\/\/prestige-e.com\/fr\/wp-json\/wp\/v2\/product_tag?post=37332"}],"curies":[{"name":"wp","href":"https:\/\/api.w.org\/{rel}","templated":true}]}}