{"id":37327,"date":"2021-05-08T14:23:16","date_gmt":"2021-05-08T12:23:16","guid":{"rendered":"https:\/\/prestige-e.com\/product\/boutons-de-manchette-pix\/"},"modified":"2025-11-27T13:27:32","modified_gmt":"2025-11-27T12:27:32","slug":"boutons-de-manchette-pix","status":"publish","type":"product","link":"https:\/\/prestige-e.com\/fr\/produit\/boutons-de-manchette-pix\/","title":{"rendered":"Boutons de manchette Pix"},"content":{"rendered":"","protected":false},"excerpt":{"rendered":"<p class=\"attributes editorialdescription\" data-ytos-ctrl=\"product.attributes\" data-ytos-opt=\"{\"config\":{\"RefreshOnColorChange\":false,\"RefreshOnSizeChange\":false,\"CustomLabel\":null,\"JavaScriptHelperScope\":\"34480784411722052\",\"ShouldRenderJavaScriptHelper\":true},\"options\":{\"attributeName\":\"editorialdescription\",\"updateRoute\":\"RenderProductAttributeRawAsync\"}}\" data-ytos-scope=\"34480784411722052\" data-ytos-ver=\"0.5.0\"><span class=\"value\">Les boutons de manchette Pix pr\u00e9sentent un style moderne et un attrait jeune. La forme ronde intemporelle en acier inoxydable avec r\u00e9sine noire s&rsquo;inspire du mouvement architectural Bauhaus et tire son nom de la marque historique PIX. L&#8217;embl\u00e8me central du sommet enneig\u00e9 cr\u00e9e un bijou avec une signature Montblanc puissante.  <\/span><\/p>\n<p><strong><br \/>\nSi vous \u00eates int\u00e9ress\u00e9 par d&rsquo;autres produits Montblanc, veuillez nous le faire savoir.<\/p>\n<p>Quantit\u00e9 minimale de commande requise pour ce produit :<\/strong><\/p>\n","protected":false},"featured_media":37331,"comment_status":"closed","ping_status":"closed","template":"","meta":{"inline_featured_image":false},"product_brand":[],"product_cat":[202,180],"product_tag":[],"class_list":{"0":"post-37327","1":"product","2":"type-product","3":"status-publish","4":"has-post-thumbnail","6":"product_cat-accessoires-montblanc","7":"product_cat-montblanc","9":"first","10":"instock","11":"shipping-taxable","12":"purchasable","13":"product-type-simple"},"aioseo_notices":[],"_links":{"self":[{"href":"https:\/\/prestige-e.com\/fr\/wp-json\/wp\/v2\/product\/37327","targetHints":{"allow":["GET"]}}],"collection":[{"href":"https:\/\/prestige-e.com\/fr\/wp-json\/wp\/v2\/product"}],"about":[{"href":"https:\/\/prestige-e.com\/fr\/wp-json\/wp\/v2\/types\/product"}],"replies":[{"embeddable":true,"href":"https:\/\/prestige-e.com\/fr\/wp-json\/wp\/v2\/comments?post=37327"}],"wp:featuredmedia":[{"embeddable":true,"href":"https:\/\/prestige-e.com\/fr\/wp-json\/wp\/v2\/media\/37331"}],"wp:attachment":[{"href":"https:\/\/prestige-e.com\/fr\/wp-json\/wp\/v2\/media?parent=37327"}],"wp:term":[{"taxonomy":"product_brand","embeddable":true,"href":"https:\/\/prestige-e.com\/fr\/wp-json\/wp\/v2\/product_brand?post=37327"},{"taxonomy":"product_cat","embeddable":true,"href":"https:\/\/prestige-e.com\/fr\/wp-json\/wp\/v2\/product_cat?post=37327"},{"taxonomy":"product_tag","embeddable":true,"href":"https:\/\/prestige-e.com\/fr\/wp-json\/wp\/v2\/product_tag?post=37327"}],"curies":[{"name":"wp","href":"https:\/\/api.w.org\/{rel}","templated":true}]}}