{"id":37323,"date":"2021-05-07T14:34:04","date_gmt":"2021-05-07T12:34:04","guid":{"rendered":"https:\/\/prestige-e.com\/product\/le-sac-a-bandouliere-pliage-original\/"},"modified":"2025-11-27T13:27:35","modified_gmt":"2025-11-27T12:27:35","slug":"le-sac-a-bandouliere-pliage-original","status":"publish","type":"product","link":"https:\/\/prestige-e.com\/fr\/produit\/le-sac-a-bandouliere-pliage-original\/","title":{"rendered":"Le sac \u00e0 bandouli\u00e8re Pliage original"},"content":{"rendered":"","protected":false},"excerpt":{"rendered":"<div class=\"ff-light fs-m lh-1-5\">\n<p class=\"read-more pb-3\">Ce sac shopping s\u00e9duit par sa silhouette minimaliste et son volume spacieux, dans lequel des documents A4 ou un ordinateur s&rsquo;int\u00e9greront facilement. Ses longues anses vous offrent   <span id=\"read-more-1\" class=\"read-more__content js-readmore\" data-label--more=\"Lire plus\" data-label--less=\"Lire moins\" aria-hidden=\"true\">un port \u00e0 l&rsquo;\u00e9paule confortable, tandis que sa fermeture zipp\u00e9e vous permet de transporter vos affaires en toute s\u00e9curit\u00e9. Il peut m\u00eame se plier \u00e0 la taille d&rsquo;un livre de poche. Inspir\u00e9 par l&rsquo;origami, Longchamp cr\u00e9e LE PLIAGE, un sac pliable et l\u00e9ger qui est devenu culte dans le monde entier. La ligne LE PLIAGE est disponible dans une multitude de formes et de tailles, propos\u00e9e en plusieurs coloris chaque saison. Parfait pour un usage quotidien, LE PLIAGE est l\u00e9ger comme une plume, il se plie \u00e0 la taille d&rsquo;un livre de poche et est suffisamment r\u00e9sistant pour garder vos essentiels pr\u00e8s de vous.    <\/span><\/p>\n<p><strong>Ce sac est disponible en taille Grande et Petite.<\/strong><\/p>\n<\/div>\n<div class=\"c-toggler\">\n<p><strong><br \/>\nSi vous \u00eates int\u00e9ress\u00e9 par d&rsquo;autres produits Longchamp, veuillez nous en faire part.<\/p>\n<p>Quantit\u00e9 minimum de commande requise pour ce produit :<\/strong><\/p>\n<\/div>\n","protected":false},"featured_media":37325,"comment_status":"closed","ping_status":"closed","template":"","meta":{"inline_featured_image":false},"product_brand":[],"product_cat":[201,199],"product_tag":[],"class_list":{"0":"post-37323","1":"product","2":"type-product","3":"status-publish","4":"has-post-thumbnail","6":"product_cat-le-pliage","7":"product_cat-longchamp","9":"first","10":"instock","11":"shipping-taxable","12":"purchasable","13":"product-type-simple"},"aioseo_notices":[],"_links":{"self":[{"href":"https:\/\/prestige-e.com\/fr\/wp-json\/wp\/v2\/product\/37323","targetHints":{"allow":["GET"]}}],"collection":[{"href":"https:\/\/prestige-e.com\/fr\/wp-json\/wp\/v2\/product"}],"about":[{"href":"https:\/\/prestige-e.com\/fr\/wp-json\/wp\/v2\/types\/product"}],"replies":[{"embeddable":true,"href":"https:\/\/prestige-e.com\/fr\/wp-json\/wp\/v2\/comments?post=37323"}],"wp:featuredmedia":[{"embeddable":true,"href":"https:\/\/prestige-e.com\/fr\/wp-json\/wp\/v2\/media\/37325"}],"wp:attachment":[{"href":"https:\/\/prestige-e.com\/fr\/wp-json\/wp\/v2\/media?parent=37323"}],"wp:term":[{"taxonomy":"product_brand","embeddable":true,"href":"https:\/\/prestige-e.com\/fr\/wp-json\/wp\/v2\/product_brand?post=37323"},{"taxonomy":"product_cat","embeddable":true,"href":"https:\/\/prestige-e.com\/fr\/wp-json\/wp\/v2\/product_cat?post=37323"},{"taxonomy":"product_tag","embeddable":true,"href":"https:\/\/prestige-e.com\/fr\/wp-json\/wp\/v2\/product_tag?post=37323"}],"curies":[{"name":"wp","href":"https:\/\/api.w.org\/{rel}","templated":true}]}}