{"id":37320,"date":"2021-05-07T14:43:03","date_gmt":"2021-05-07T12:43:03","guid":{"rendered":"https:\/\/prestige-e.com\/product\/le-pliage-l-sac-de-voyage\/"},"modified":"2025-11-27T13:27:35","modified_gmt":"2025-11-27T12:27:35","slug":"le-pliage-l-sac-de-voyage","status":"publish","type":"product","link":"https:\/\/prestige-e.com\/fr\/produit\/le-pliage-l-sac-de-voyage\/","title":{"rendered":"Le pliage l sac de voyage"},"content":{"rendered":"","protected":false},"excerpt":{"rendered":"<p>Sobre, discret et dot\u00e9 d&rsquo;une fermeture \u00e9clair, ce sac de voyage transporte vos effets personnels en toute s\u00e9curit\u00e9 et peut m\u00eame se plier lorsqu&rsquo;il n&rsquo;est pas utilis\u00e9. Inspir\u00e9 par <span id=\"read-more-1\" class=\"read-more__content js-readmore\" data-label--more=\"Lire plus\" data-label--less=\"Lire moins\" aria-hidden=\"true\">l&rsquo;origami, Longchamp cr\u00e9e LE PLIAGE, un sac pliable et l\u00e9ger devenu culte dans le monde entier. La ligne LE PLIAGE est disponible dans une multitude de formes et de tailles, propos\u00e9e dans plusieurs coloris chaque saison. Parfait pour un usage quotidien, LE PLIAGE est l\u00e9ger comme une plume, se plie au format d&rsquo;un livre de poche et est suffisamment r\u00e9sistant pour garder vos essentiels pr\u00e8s de vous.<\/span> <\/p>\n<p><strong>Ce sac est \u00e9galement disponible en taille XL.<\/strong><\/p>\n<p><strong><br \/>\nSi vous \u00eates int\u00e9ress\u00e9 par d&rsquo;autres produits Longchamp, veuillez nous en informer.<\/p>\n<p>Quantit\u00e9 minimale de commande requise pour ce produit :<\/strong><\/p>\n","protected":false},"featured_media":37322,"comment_status":"closed","ping_status":"closed","template":"","meta":{"inline_featured_image":false},"product_brand":[],"product_cat":[201,199],"product_tag":[],"class_list":{"0":"post-37320","1":"product","2":"type-product","3":"status-publish","4":"has-post-thumbnail","6":"product_cat-le-pliage","7":"product_cat-longchamp","9":"first","10":"instock","11":"shipping-taxable","12":"purchasable","13":"product-type-simple"},"aioseo_notices":[],"_links":{"self":[{"href":"https:\/\/prestige-e.com\/fr\/wp-json\/wp\/v2\/product\/37320","targetHints":{"allow":["GET"]}}],"collection":[{"href":"https:\/\/prestige-e.com\/fr\/wp-json\/wp\/v2\/product"}],"about":[{"href":"https:\/\/prestige-e.com\/fr\/wp-json\/wp\/v2\/types\/product"}],"replies":[{"embeddable":true,"href":"https:\/\/prestige-e.com\/fr\/wp-json\/wp\/v2\/comments?post=37320"}],"wp:featuredmedia":[{"embeddable":true,"href":"https:\/\/prestige-e.com\/fr\/wp-json\/wp\/v2\/media\/37322"}],"wp:attachment":[{"href":"https:\/\/prestige-e.com\/fr\/wp-json\/wp\/v2\/media?parent=37320"}],"wp:term":[{"taxonomy":"product_brand","embeddable":true,"href":"https:\/\/prestige-e.com\/fr\/wp-json\/wp\/v2\/product_brand?post=37320"},{"taxonomy":"product_cat","embeddable":true,"href":"https:\/\/prestige-e.com\/fr\/wp-json\/wp\/v2\/product_cat?post=37320"},{"taxonomy":"product_tag","embeddable":true,"href":"https:\/\/prestige-e.com\/fr\/wp-json\/wp\/v2\/product_tag?post=37320"}],"curies":[{"name":"wp","href":"https:\/\/api.w.org\/{rel}","templated":true}]}}