{"id":37314,"date":"2021-05-07T15:16:37","date_gmt":"2021-05-07T13:16:37","guid":{"rendered":"https:\/\/prestige-e.com\/product\/boxford\/"},"modified":"2025-11-27T13:27:34","modified_gmt":"2025-11-27T12:27:34","slug":"boxford","status":"publish","type":"product","link":"https:\/\/prestige-e.com\/fr\/produit\/boxford\/","title":{"rendered":"Boxford"},"content":{"rendered":"","protected":false},"excerpt":{"rendered":"<p>Pratique comme une valise \u00e0 roulettes et flexible comme un sac de voyage, ce bagage extensible est le compagnon essentiel pour les longs week-ends. <span id=\"read-more-1\" class=\"read-more__content js-readmore\" data-label--more=\"Lire plus\" data-label--less=\"Lire moins\" aria-hidden=\"true\">Ligne embl\u00e9matique<\/span> de la Maison, <span id=\"read-more-1\" class=\"read-more__content js-readmore\" data-label--more=\"Lire plus\" data-label--less=\"Lire moins\" aria-hidden=\"true\">BOXFORD incarne l&rsquo;\u00e9l\u00e9gance discr\u00e8te. Sobre et distinctive, ses mod\u00e8les de sacs pour hommes et d&rsquo;affaires ainsi que ses bagages sont orn\u00e9s du marquage rectangulaire Longchamp emboss\u00e9 dans le cuir, et de surpiq\u00fbres contrastantes, pour un look raffin\u00e9. Cette toile bicolore est habill\u00e9e d&rsquo;une garniture en cuir de Russie, pour un effet de relief riche.<\/span><\/p>\n<p><strong><br \/>\nSi vous \u00eates int\u00e9ress\u00e9 par d&rsquo;autres produits Longchamp, veuillez nous en informer.<\/p>\n<p>Quantit\u00e9 minimum de commande requise pour ce produit :<\/strong><\/p>\n","protected":false},"featured_media":37316,"comment_status":"closed","ping_status":"closed","template":"","meta":{"inline_featured_image":false},"product_brand":[],"product_cat":[199,200],"product_tag":[],"class_list":{"0":"post-37314","1":"product","2":"type-product","3":"status-publish","4":"has-post-thumbnail","6":"product_cat-longchamp","7":"product_cat-voyage-2","9":"first","10":"instock","11":"shipping-taxable","12":"purchasable","13":"product-type-simple"},"aioseo_notices":[],"_links":{"self":[{"href":"https:\/\/prestige-e.com\/fr\/wp-json\/wp\/v2\/product\/37314","targetHints":{"allow":["GET"]}}],"collection":[{"href":"https:\/\/prestige-e.com\/fr\/wp-json\/wp\/v2\/product"}],"about":[{"href":"https:\/\/prestige-e.com\/fr\/wp-json\/wp\/v2\/types\/product"}],"replies":[{"embeddable":true,"href":"https:\/\/prestige-e.com\/fr\/wp-json\/wp\/v2\/comments?post=37314"}],"wp:featuredmedia":[{"embeddable":true,"href":"https:\/\/prestige-e.com\/fr\/wp-json\/wp\/v2\/media\/37316"}],"wp:attachment":[{"href":"https:\/\/prestige-e.com\/fr\/wp-json\/wp\/v2\/media?parent=37314"}],"wp:term":[{"taxonomy":"product_brand","embeddable":true,"href":"https:\/\/prestige-e.com\/fr\/wp-json\/wp\/v2\/product_brand?post=37314"},{"taxonomy":"product_cat","embeddable":true,"href":"https:\/\/prestige-e.com\/fr\/wp-json\/wp\/v2\/product_cat?post=37314"},{"taxonomy":"product_tag","embeddable":true,"href":"https:\/\/prestige-e.com\/fr\/wp-json\/wp\/v2\/product_tag?post=37314"}],"curies":[{"name":"wp","href":"https:\/\/api.w.org\/{rel}","templated":true}]}}