{"id":37309,"date":"2021-05-08T06:44:51","date_gmt":"2021-05-08T04:44:51","guid":{"rendered":"https:\/\/prestige-e.com\/product\/foulard-signature\/"},"modified":"2025-11-27T13:27:34","modified_gmt":"2025-11-27T12:27:34","slug":"foulard-signature","status":"publish","type":"product","link":"https:\/\/prestige-e.com\/fr\/produit\/foulard-signature\/","title":{"rendered":"Foulard signature"},"content":{"rendered":"","protected":false},"excerpt":{"rendered":"<p>Se d\u00e9ployant en volutes et arabesques, le majestueux \u00ab\u00a0C\u00a0\u00bb de Chopard se r\u00e9p\u00e8te \u00e0 l&rsquo;infini sur le carr\u00e9 en soie jacquard bleu ciel. Un look graphique habilement mis en valeur par l&rsquo;\u00e9clat incomparable du tissu. Simplement \u00e9l\u00e9gant.<\/p>\n<p><strong>Dimensions :\u00a090 x 90 cm<\/strong><\/p>\n<p><strong>Mat\u00e9riau : 100\u00a0% soie jacquard biologique.<\/strong><\/p>\n<p><strong><br \/>\nSi vous \u00eates int\u00e9ress\u00e9 par d&rsquo;autres produits de Chopard, veuillez nous en informer.<\/strong><\/p>\n","protected":false},"featured_media":37313,"comment_status":"closed","ping_status":"closed","template":"","meta":{"inline_featured_image":false},"product_brand":[],"product_cat":[176,198],"product_tag":[],"class_list":{"0":"post-37309","1":"product","2":"type-product","3":"status-publish","4":"has-post-thumbnail","6":"product_cat-chopard","7":"product_cat-echarpes-chopard","9":"first","10":"instock","11":"shipping-taxable","12":"purchasable","13":"product-type-simple"},"aioseo_notices":[],"_links":{"self":[{"href":"https:\/\/prestige-e.com\/fr\/wp-json\/wp\/v2\/product\/37309","targetHints":{"allow":["GET"]}}],"collection":[{"href":"https:\/\/prestige-e.com\/fr\/wp-json\/wp\/v2\/product"}],"about":[{"href":"https:\/\/prestige-e.com\/fr\/wp-json\/wp\/v2\/types\/product"}],"replies":[{"embeddable":true,"href":"https:\/\/prestige-e.com\/fr\/wp-json\/wp\/v2\/comments?post=37309"}],"wp:featuredmedia":[{"embeddable":true,"href":"https:\/\/prestige-e.com\/fr\/wp-json\/wp\/v2\/media\/37313"}],"wp:attachment":[{"href":"https:\/\/prestige-e.com\/fr\/wp-json\/wp\/v2\/media?parent=37309"}],"wp:term":[{"taxonomy":"product_brand","embeddable":true,"href":"https:\/\/prestige-e.com\/fr\/wp-json\/wp\/v2\/product_brand?post=37309"},{"taxonomy":"product_cat","embeddable":true,"href":"https:\/\/prestige-e.com\/fr\/wp-json\/wp\/v2\/product_cat?post=37309"},{"taxonomy":"product_tag","embeddable":true,"href":"https:\/\/prestige-e.com\/fr\/wp-json\/wp\/v2\/product_tag?post=37309"}],"curies":[{"name":"wp","href":"https:\/\/api.w.org\/{rel}","templated":true}]}}