{"id":37302,"date":"2021-05-07T10:45:22","date_gmt":"2021-05-07T08:45:22","guid":{"rendered":"https:\/\/prestige-e.com\/product\/stylo-bille-meisterstuck-legrand-plaque-or-rose\/"},"modified":"2025-11-27T13:27:36","modified_gmt":"2025-11-27T12:27:36","slug":"stylo-bille-meisterstuck-legrand-plaque-or-rose","status":"publish","type":"product","link":"https:\/\/prestige-e.com\/fr\/produit\/stylo-bille-meisterstuck-legrand-plaque-or-rose\/","title":{"rendered":"Stylo bille Meisterst\u00fcck LeGrand plaqu\u00e9 or rose"},"content":{"rendered":"","protected":false},"excerpt":{"rendered":"<p>La collection Montblanc Meisterst\u00fcck LeGrand plaqu\u00e9e or rose est un design qui \u00e9crit l&rsquo;histoire. Lanc\u00e9 en 1924, avec un nom signifiant \u00ab Chef-d&rsquo;\u0153uvre \u00bb, le Meisterst\u00fcck est devenu le symbole de l&rsquo;\u00e9criture de luxe de haute qualit\u00e9. Le capuchon et le corps sont fabriqu\u00e9s en r\u00e9sine pr\u00e9cieuse noire, avec l&#8217;embl\u00e9matique embl\u00e8me Montblanc blanc incrust\u00e9 sur le dessus du capuchon.  <\/p>\n<p><strong><br \/>\nSi vous \u00eates int\u00e9ress\u00e9 par d&rsquo;autres produits Montblanc, veuillez nous le faire savoir.<\/p>\n<p>Quantit\u00e9 minimale de commande requise pour ce produit :<\/strong><\/p>\n","protected":false},"featured_media":37304,"comment_status":"closed","ping_status":"closed","template":"","meta":{"inline_featured_image":false},"product_brand":[],"product_cat":[181,180],"product_tag":[],"class_list":{"0":"post-37302","1":"product","2":"type-product","3":"status-publish","4":"has-post-thumbnail","6":"product_cat-instruments-decriture","7":"product_cat-montblanc","9":"first","10":"instock","11":"shipping-taxable","12":"purchasable","13":"product-type-simple"},"aioseo_notices":[],"_links":{"self":[{"href":"https:\/\/prestige-e.com\/fr\/wp-json\/wp\/v2\/product\/37302","targetHints":{"allow":["GET"]}}],"collection":[{"href":"https:\/\/prestige-e.com\/fr\/wp-json\/wp\/v2\/product"}],"about":[{"href":"https:\/\/prestige-e.com\/fr\/wp-json\/wp\/v2\/types\/product"}],"replies":[{"embeddable":true,"href":"https:\/\/prestige-e.com\/fr\/wp-json\/wp\/v2\/comments?post=37302"}],"wp:featuredmedia":[{"embeddable":true,"href":"https:\/\/prestige-e.com\/fr\/wp-json\/wp\/v2\/media\/37304"}],"wp:attachment":[{"href":"https:\/\/prestige-e.com\/fr\/wp-json\/wp\/v2\/media?parent=37302"}],"wp:term":[{"taxonomy":"product_brand","embeddable":true,"href":"https:\/\/prestige-e.com\/fr\/wp-json\/wp\/v2\/product_brand?post=37302"},{"taxonomy":"product_cat","embeddable":true,"href":"https:\/\/prestige-e.com\/fr\/wp-json\/wp\/v2\/product_cat?post=37302"},{"taxonomy":"product_tag","embeddable":true,"href":"https:\/\/prestige-e.com\/fr\/wp-json\/wp\/v2\/product_tag?post=37302"}],"curies":[{"name":"wp","href":"https:\/\/api.w.org\/{rel}","templated":true}]}}