{"id":37299,"date":"2021-05-07T10:59:48","date_gmt":"2021-05-07T08:59:48","guid":{"rendered":"https:\/\/prestige-e.com\/product\/porte-documents-ultra-fin-montblanc-sartorial\/"},"modified":"2025-11-27T13:27:36","modified_gmt":"2025-11-27T12:27:36","slug":"porte-documents-ultra-fin-montblanc-sartorial","status":"publish","type":"product","link":"https:\/\/prestige-e.com\/fr\/produit\/porte-documents-ultra-fin-montblanc-sartorial\/","title":{"rendered":"Porte-documents ultra fin Montblanc Sartorial"},"content":{"rendered":"","protected":false},"excerpt":{"rendered":"<p>La collection Sartorial de Montblanc parle le langage de l&rsquo;\u00e9l\u00e9gance moderne. Avec son cuir imprim\u00e9 Saffiano, le tout nouveau porte-documents ultra fin ne mesure que 4 cm de large. Il peut \u00eatre utilis\u00e9 comme \u00e9tui pour ordinateur portable, avec l&rsquo;avantage de poign\u00e9es et d&rsquo;une bandouli\u00e8re pour un transport facile. La poche ouverte suppl\u00e9mentaire \u00e0 l&rsquo;avant est tr\u00e8s pratique pour les billets et les petits objets n\u00e9cessitant un acc\u00e8s rapide.   <\/p>\n<p><strong><br \/>\nSi vous \u00eates int\u00e9ress\u00e9 par d&rsquo;autres produits Montblanc, veuillez nous en informer.<\/strong><\/p>\n","protected":false},"featured_media":37301,"comment_status":"closed","ping_status":"closed","template":"","meta":{"inline_featured_image":false},"product_brand":[],"product_cat":[184,180],"product_tag":[],"class_list":{"0":"post-37299","1":"product","2":"type-product","3":"status-publish","4":"has-post-thumbnail","6":"product_cat-cuir-et-voyage","7":"product_cat-montblanc","9":"first","10":"instock","11":"shipping-taxable","12":"purchasable","13":"product-type-simple"},"aioseo_notices":[],"_links":{"self":[{"href":"https:\/\/prestige-e.com\/fr\/wp-json\/wp\/v2\/product\/37299","targetHints":{"allow":["GET"]}}],"collection":[{"href":"https:\/\/prestige-e.com\/fr\/wp-json\/wp\/v2\/product"}],"about":[{"href":"https:\/\/prestige-e.com\/fr\/wp-json\/wp\/v2\/types\/product"}],"replies":[{"embeddable":true,"href":"https:\/\/prestige-e.com\/fr\/wp-json\/wp\/v2\/comments?post=37299"}],"wp:featuredmedia":[{"embeddable":true,"href":"https:\/\/prestige-e.com\/fr\/wp-json\/wp\/v2\/media\/37301"}],"wp:attachment":[{"href":"https:\/\/prestige-e.com\/fr\/wp-json\/wp\/v2\/media?parent=37299"}],"wp:term":[{"taxonomy":"product_brand","embeddable":true,"href":"https:\/\/prestige-e.com\/fr\/wp-json\/wp\/v2\/product_brand?post=37299"},{"taxonomy":"product_cat","embeddable":true,"href":"https:\/\/prestige-e.com\/fr\/wp-json\/wp\/v2\/product_cat?post=37299"},{"taxonomy":"product_tag","embeddable":true,"href":"https:\/\/prestige-e.com\/fr\/wp-json\/wp\/v2\/product_tag?post=37299"}],"curies":[{"name":"wp","href":"https:\/\/api.w.org\/{rel}","templated":true}]}}