{"id":37293,"date":"2021-05-07T11:09:25","date_gmt":"2021-05-07T09:09:25","guid":{"rendered":"https:\/\/prestige-e.com\/product\/montblanc-summit-2-acier-inoxydable-noir-et-cuir\/"},"modified":"2025-11-27T13:27:36","modified_gmt":"2025-11-27T12:27:36","slug":"montblanc-summit-2-acier-inoxydable-noir-et-cuir","status":"publish","type":"product","link":"https:\/\/prestige-e.com\/fr\/produit\/montblanc-summit-2-acier-inoxydable-noir-et-cuir\/","title":{"rendered":"Montblanc Summit 2 acier inoxydable noir et cuir"},"content":{"rendered":"","protected":false},"excerpt":{"rendered":"<p>La montre connect\u00e9e Montblanc Summit 2 associe le design horloger classique de Montblanc \u00e0 la technologie portable et offre \u00e0 nos clients une pi\u00e8ce d&rsquo;horlogerie connect\u00e9e refl\u00e9tant leur style de vie professionnel de luxe. Bas\u00e9e sur WearOS by Google, la montre connect\u00e9e Montblanc Summit 2 propose un large \u00e9ventail de fonctionnalit\u00e9s telles que l&rsquo;application anti-d\u00e9calage horaire Timeshifter, des applications de fitness et la grande vari\u00e9t\u00e9 d&rsquo;applications du Google Playstore pour les utilisateurs Android et iOS. Ce compagnon multifonctionnel \u00e9tablit un pont entre l&rsquo;horlogerie Montblanc et la technologie.  <\/p>\n<p><strong><br \/>\nSi vous \u00eates int\u00e9ress\u00e9 par d&rsquo;autres produits Montblanc, veuillez nous en informer.<\/p>\n<p>Quantit\u00e9 minimum de commande requise pour ce produit :<\/strong><\/p>\n","protected":false},"featured_media":37294,"comment_status":"closed","ping_status":"closed","template":"","meta":{"inline_featured_image":false},"product_brand":[],"product_cat":[180,196],"product_tag":[],"class_list":{"0":"post-37293","1":"product","2":"type-product","3":"status-publish","4":"has-post-thumbnail","6":"product_cat-montblanc","7":"product_cat-montres","9":"first","10":"instock","11":"shipping-taxable","12":"purchasable","13":"product-type-simple"},"aioseo_notices":[],"_links":{"self":[{"href":"https:\/\/prestige-e.com\/fr\/wp-json\/wp\/v2\/product\/37293","targetHints":{"allow":["GET"]}}],"collection":[{"href":"https:\/\/prestige-e.com\/fr\/wp-json\/wp\/v2\/product"}],"about":[{"href":"https:\/\/prestige-e.com\/fr\/wp-json\/wp\/v2\/types\/product"}],"replies":[{"embeddable":true,"href":"https:\/\/prestige-e.com\/fr\/wp-json\/wp\/v2\/comments?post=37293"}],"wp:featuredmedia":[{"embeddable":true,"href":"https:\/\/prestige-e.com\/fr\/wp-json\/wp\/v2\/media\/37294"}],"wp:attachment":[{"href":"https:\/\/prestige-e.com\/fr\/wp-json\/wp\/v2\/media?parent=37293"}],"wp:term":[{"taxonomy":"product_brand","embeddable":true,"href":"https:\/\/prestige-e.com\/fr\/wp-json\/wp\/v2\/product_brand?post=37293"},{"taxonomy":"product_cat","embeddable":true,"href":"https:\/\/prestige-e.com\/fr\/wp-json\/wp\/v2\/product_cat?post=37293"},{"taxonomy":"product_tag","embeddable":true,"href":"https:\/\/prestige-e.com\/fr\/wp-json\/wp\/v2\/product_tag?post=37293"}],"curies":[{"name":"wp","href":"https:\/\/api.w.org\/{rel}","templated":true}]}}