{"id":37288,"date":"2021-05-07T11:21:21","date_gmt":"2021-05-07T09:21:21","guid":{"rendered":"https:\/\/prestige-e.com\/product\/montblanc-summit-2-acier-inoxydable-couleur-or-et-cuir\/"},"modified":"2025-11-27T13:27:36","modified_gmt":"2025-11-27T12:27:36","slug":"montblanc-summit-2-acier-inoxydable-couleur-or-et-cuir","status":"publish","type":"product","link":"https:\/\/prestige-e.com\/fr\/produit\/montblanc-summit-2-acier-inoxydable-couleur-or-et-cuir\/","title":{"rendered":"Montblanc Summit 2+ acier inoxydable couleur or et cuir"},"content":{"rendered":"","protected":false},"excerpt":{"rendered":"<p>La montre connect\u00e9e Montblanc Summit 2+ est une montre intelligente de luxe cellulaire bas\u00e9e sur Wear OS by Google. Son mat\u00e9riel permet \u00e0 nos clients non seulement de profiter d&rsquo;un \u00e9cran plus grand et d&rsquo;applications suppl\u00e9mentaires telles que l&rsquo;application Montblanc de gestion du stress, mais offre \u00e9galement la possibilit\u00e9 de se connecter aux r\u00e9seaux LTE de nos partenaires de connectivit\u00e9*. Cette pi\u00e8ce horlog\u00e8re est dot\u00e9e de fonctionnalit\u00e9s technologiques contemporaines et constitue le fleuron de la gamme Montblanc Summit. *Disponible avec les t\u00e9l\u00e9phones Android (Android 8 ou sup\u00e9rieur) chez certains op\u00e9rateurs aux \u00c9tats-Unis (Verizon), en Chine (China Unicom), en France (Orange), en Espagne (Orange), au Royaume-Uni (Vodafone), en Allemagne (Vodafone) et en Suisse (Swisscom). Veuillez vous r\u00e9f\u00e9rer \u00e0 votre op\u00e9rateur pour savoir si votre forfait mobile sp\u00e9cifique vous permet de configurer une eSim pour la Summit 2+. Wear OS by Google est compatible avec les smartphones sous Android 6.0 ou sup\u00e9rieur (sauf \u00e9dition Go) et iOS 10 ou sup\u00e9rieur. Les fonctionnalit\u00e9s prises en charge peuvent varier selon la plateforme et le pays.      <\/p>\n<p><strong><br \/>\nSi vous \u00eates int\u00e9ress\u00e9 par d&rsquo;autres produits Montblanc, veuillez nous le faire savoir.<\/p>\n<p>Quantit\u00e9 minimale de commande requise pour ce produit :<\/strong><\/p>\n","protected":false},"featured_media":37291,"comment_status":"closed","ping_status":"closed","template":"","meta":{"inline_featured_image":false},"product_brand":[],"product_cat":[180,196],"product_tag":[],"class_list":{"0":"post-37288","1":"product","2":"type-product","3":"status-publish","4":"has-post-thumbnail","6":"product_cat-montblanc","7":"product_cat-montres","9":"first","10":"instock","11":"shipping-taxable","12":"purchasable","13":"product-type-simple"},"aioseo_notices":[],"_links":{"self":[{"href":"https:\/\/prestige-e.com\/fr\/wp-json\/wp\/v2\/product\/37288","targetHints":{"allow":["GET"]}}],"collection":[{"href":"https:\/\/prestige-e.com\/fr\/wp-json\/wp\/v2\/product"}],"about":[{"href":"https:\/\/prestige-e.com\/fr\/wp-json\/wp\/v2\/types\/product"}],"replies":[{"embeddable":true,"href":"https:\/\/prestige-e.com\/fr\/wp-json\/wp\/v2\/comments?post=37288"}],"wp:featuredmedia":[{"embeddable":true,"href":"https:\/\/prestige-e.com\/fr\/wp-json\/wp\/v2\/media\/37291"}],"wp:attachment":[{"href":"https:\/\/prestige-e.com\/fr\/wp-json\/wp\/v2\/media?parent=37288"}],"wp:term":[{"taxonomy":"product_brand","embeddable":true,"href":"https:\/\/prestige-e.com\/fr\/wp-json\/wp\/v2\/product_brand?post=37288"},{"taxonomy":"product_cat","embeddable":true,"href":"https:\/\/prestige-e.com\/fr\/wp-json\/wp\/v2\/product_cat?post=37288"},{"taxonomy":"product_tag","embeddable":true,"href":"https:\/\/prestige-e.com\/fr\/wp-json\/wp\/v2\/product_tag?post=37288"}],"curies":[{"name":"wp","href":"https:\/\/api.w.org\/{rel}","templated":true}]}}