{"id":37287,"date":"2021-05-06T12:55:43","date_gmt":"2021-05-06T10:55:43","guid":{"rendered":"https:\/\/prestige-e.com\/product\/infuseur-a-the-pour-tasse\/"},"modified":"2025-11-27T13:27:37","modified_gmt":"2025-11-27T12:27:37","slug":"infuseur-a-the-pour-tasse","status":"publish","type":"product","link":"https:\/\/prestige-e.com\/fr\/produit\/infuseur-a-the-pour-tasse\/","title":{"rendered":"Infuseur \u00e0 th\u00e9 pour tasse"},"content":{"rendered":"","protected":false},"excerpt":{"rendered":"<p>L&rsquo;infuseur \u00e0 th\u00e9 \u00ab You \u00bb cr\u00e9\u00e9 par Miriam Mirri enrichit la famille d&rsquo;objets ayant le c\u0153ur comme point de rep\u00e8re. La forme conique et allong\u00e9e de \u00ab You \u00bb facilite d&rsquo;une part le remplissage et la vidange du contenu, et d&rsquo;autre part permet d&rsquo;utiliser cet infuseur dans n&rsquo;importe quelle tasse. La partie finale de la pointe, qui pourrait facilement se boucher, est fabriqu\u00e9e en mat\u00e9riau plein, et les trous commencent au niveau de la partie creuse, pour faciliter la vidange de l&rsquo;infuseur apr\u00e8s utilisation.  <\/p>\n<p><strong><br \/>\nSi vous \u00eates int\u00e9ress\u00e9 par d&rsquo;autres produits Alessi, n&rsquo;h\u00e9sitez pas \u00e0 nous le faire savoir.<\/strong><\/p>\n<p><strong>Quantit\u00e9 minimale de commande requise pour ce produit&nbsp;:<\/strong><\/p>\n","protected":false},"featured_media":37290,"comment_status":"closed","ping_status":"closed","template":"","meta":{"inline_featured_image":false},"product_brand":[],"product_cat":[150,151],"product_tag":[],"class_list":{"0":"post-37287","1":"product","2":"type-product","3":"status-publish","4":"has-post-thumbnail","6":"product_cat-alessi","7":"product_cat-table","9":"first","10":"instock","11":"shipping-taxable","12":"purchasable","13":"product-type-simple"},"aioseo_notices":[],"_links":{"self":[{"href":"https:\/\/prestige-e.com\/fr\/wp-json\/wp\/v2\/product\/37287","targetHints":{"allow":["GET"]}}],"collection":[{"href":"https:\/\/prestige-e.com\/fr\/wp-json\/wp\/v2\/product"}],"about":[{"href":"https:\/\/prestige-e.com\/fr\/wp-json\/wp\/v2\/types\/product"}],"replies":[{"embeddable":true,"href":"https:\/\/prestige-e.com\/fr\/wp-json\/wp\/v2\/comments?post=37287"}],"wp:featuredmedia":[{"embeddable":true,"href":"https:\/\/prestige-e.com\/fr\/wp-json\/wp\/v2\/media\/37290"}],"wp:attachment":[{"href":"https:\/\/prestige-e.com\/fr\/wp-json\/wp\/v2\/media?parent=37287"}],"wp:term":[{"taxonomy":"product_brand","embeddable":true,"href":"https:\/\/prestige-e.com\/fr\/wp-json\/wp\/v2\/product_brand?post=37287"},{"taxonomy":"product_cat","embeddable":true,"href":"https:\/\/prestige-e.com\/fr\/wp-json\/wp\/v2\/product_cat?post=37287"},{"taxonomy":"product_tag","embeddable":true,"href":"https:\/\/prestige-e.com\/fr\/wp-json\/wp\/v2\/product_tag?post=37287"}],"curies":[{"name":"wp","href":"https:\/\/api.w.org\/{rel}","templated":true}]}}