{"id":37280,"date":"2021-04-28T11:51:14","date_gmt":"2021-04-28T09:51:14","guid":{"rendered":"https:\/\/prestige-e.com\/product\/fashion-eye-bali\/"},"modified":"2025-11-27T13:27:40","modified_gmt":"2025-11-27T12:27:40","slug":"fashion-eye-bali","status":"publish","type":"product","link":"https:\/\/prestige-e.com\/fr\/produit\/fashion-eye-bali\/","title":{"rendered":"Fashion Eye Bali"},"content":{"rendered":"","protected":false},"excerpt":{"rendered":"<p>Dans le cadre de la collection Louis Vuitton Fashion Eye, le photographe Quentin de Briey se rend \u00e0 Bali, laissant le hasard guider ses pas pour capturer la vie quotidienne sur l\u2019\u00eele des dieux : les sourires d\u2019inconnus, les \u00e9tals de durians, la v\u00e9g\u00e9tation luxuriante et les rizi\u00e8res en terrasses escarp\u00e9es. C\u2019est \u00e0 la fronti\u00e8re entre vision enchant\u00e9e et utopie touristique que de Briey trouve sa place<\/p>\n<p>Photographies : Quentin de Briey<\/p>\n<p>\u00c9dition : Patrick Remy<\/p>\n<div class=\"lv-expandable-panel -minimal-height\">\n<div id=\"read-more\" class=\"lv-expandable-panel__content\" aria-hidden=\"false\">\n<p><strong>Dimensions : 23,6 \u00d7 30,5 cm<\/strong><\/p>\n<p><strong><br \/>\nSi vous \u00eates int\u00e9ress\u00e9 par d&rsquo;autres produits de Louis Vuitton, veuillez nous en informer.<\/strong><\/p>\n<\/div>\n<\/div>\n","protected":false},"featured_media":37282,"comment_status":"closed","ping_status":"closed","template":"","meta":{"inline_featured_image":false},"product_brand":[],"product_cat":[191,186],"product_tag":[],"class_list":{"0":"post-37280","1":"product","2":"type-product","3":"status-publish","4":"has-post-thumbnail","6":"product_cat-fashion-eye","7":"product_cat-louis-vuitton","9":"first","10":"instock","11":"shipping-taxable","12":"purchasable","13":"product-type-simple"},"aioseo_notices":[],"_links":{"self":[{"href":"https:\/\/prestige-e.com\/fr\/wp-json\/wp\/v2\/product\/37280","targetHints":{"allow":["GET"]}}],"collection":[{"href":"https:\/\/prestige-e.com\/fr\/wp-json\/wp\/v2\/product"}],"about":[{"href":"https:\/\/prestige-e.com\/fr\/wp-json\/wp\/v2\/types\/product"}],"replies":[{"embeddable":true,"href":"https:\/\/prestige-e.com\/fr\/wp-json\/wp\/v2\/comments?post=37280"}],"wp:featuredmedia":[{"embeddable":true,"href":"https:\/\/prestige-e.com\/fr\/wp-json\/wp\/v2\/media\/37282"}],"wp:attachment":[{"href":"https:\/\/prestige-e.com\/fr\/wp-json\/wp\/v2\/media?parent=37280"}],"wp:term":[{"taxonomy":"product_brand","embeddable":true,"href":"https:\/\/prestige-e.com\/fr\/wp-json\/wp\/v2\/product_brand?post=37280"},{"taxonomy":"product_cat","embeddable":true,"href":"https:\/\/prestige-e.com\/fr\/wp-json\/wp\/v2\/product_cat?post=37280"},{"taxonomy":"product_tag","embeddable":true,"href":"https:\/\/prestige-e.com\/fr\/wp-json\/wp\/v2\/product_tag?post=37280"}],"curies":[{"name":"wp","href":"https:\/\/api.w.org\/{rel}","templated":true}]}}