{"id":37273,"date":"2021-04-28T12:09:47","date_gmt":"2021-04-28T10:09:47","guid":{"rendered":"https:\/\/prestige-e.com\/product\/carnet-de-voyage-afrique-du-sud\/"},"modified":"2025-11-27T13:27:39","modified_gmt":"2025-11-27T12:27:39","slug":"carnet-de-voyage-afrique-du-sud","status":"publish","type":"product","link":"https:\/\/prestige-e.com\/fr\/produit\/carnet-de-voyage-afrique-du-sud\/","title":{"rendered":"Carnet de voyage Afrique du Sud"},"content":{"rendered":"","protected":false},"excerpt":{"rendered":"<div class=\"lv-product-description\">\n<p>La collection \u00ab Louis Vuitton Travel Book \u00bb ajoute l\u2019Afrique du Sud \u00e0 ses destinations, tandis que le c\u00e9l\u00e8bre peintre chinois Liu Xiaodong y exprime ses premi\u00e8res impressions de ce pays. Son \u0153uvre int\u00e8gre des techniques cin\u00e9matographiques, de la photographie et de l\u2019\u00e9criture, afin de capturer les \u00e9motions et de repr\u00e9senter des territoires inexplor\u00e9s.<\/p>\n<p><strong>Dimensions : 28 \u00d7 19 cm<\/strong><\/p>\n<p>&nbsp;<\/p>\n<\/div>\n<div class=\"lv-product-features\">\n<div class=\"lv-expandable-panel -minimal-height\">\n<div id=\"read-more\" class=\"lv-expandable-panel__content\" aria-hidden=\"false\"><strong>Si vous \u00eates int\u00e9ress\u00e9 par d&rsquo;autres produits Louis Vuitton, merci de nous en informer.<\/strong><\/div>\n<\/div>\n<\/div>\n","protected":false},"featured_media":37278,"comment_status":"closed","ping_status":"closed","template":"","meta":{"inline_featured_image":false},"product_brand":[],"product_cat":[194,186],"product_tag":[],"class_list":{"0":"post-37273","1":"product","2":"type-product","3":"status-publish","4":"has-post-thumbnail","6":"product_cat-carnet-de-voyage","7":"product_cat-louis-vuitton","9":"first","10":"instock","11":"shipping-taxable","12":"purchasable","13":"product-type-simple"},"aioseo_notices":[],"_links":{"self":[{"href":"https:\/\/prestige-e.com\/fr\/wp-json\/wp\/v2\/product\/37273","targetHints":{"allow":["GET"]}}],"collection":[{"href":"https:\/\/prestige-e.com\/fr\/wp-json\/wp\/v2\/product"}],"about":[{"href":"https:\/\/prestige-e.com\/fr\/wp-json\/wp\/v2\/types\/product"}],"replies":[{"embeddable":true,"href":"https:\/\/prestige-e.com\/fr\/wp-json\/wp\/v2\/comments?post=37273"}],"wp:featuredmedia":[{"embeddable":true,"href":"https:\/\/prestige-e.com\/fr\/wp-json\/wp\/v2\/media\/37278"}],"wp:attachment":[{"href":"https:\/\/prestige-e.com\/fr\/wp-json\/wp\/v2\/media?parent=37273"}],"wp:term":[{"taxonomy":"product_brand","embeddable":true,"href":"https:\/\/prestige-e.com\/fr\/wp-json\/wp\/v2\/product_brand?post=37273"},{"taxonomy":"product_cat","embeddable":true,"href":"https:\/\/prestige-e.com\/fr\/wp-json\/wp\/v2\/product_cat?post=37273"},{"taxonomy":"product_tag","embeddable":true,"href":"https:\/\/prestige-e.com\/fr\/wp-json\/wp\/v2\/product_tag?post=37273"}],"curies":[{"name":"wp","href":"https:\/\/api.w.org\/{rel}","templated":true}]}}