{"id":37269,"date":"2021-04-28T13:30:46","date_gmt":"2021-04-28T11:30:46","guid":{"rendered":"https:\/\/prestige-e.com\/product\/foulard-instruction-du-roi-bayadere-90\/"},"modified":"2025-11-27T13:27:39","modified_gmt":"2025-11-27T12:27:39","slug":"foulard-instruction-du-roi-bayadere-90","status":"publish","type":"product","link":"https:\/\/prestige-e.com\/fr\/produit\/foulard-instruction-du-roi-bayadere-90\/","title":{"rendered":"Foulard Instruction du roi bayad\u00e8re 90"},"content":{"rendered":"","protected":false},"excerpt":{"rendered":"<p class=\"product-attribute-font-description\">Carr\u00e9 en twill de soie avec bords roulott\u00e9s \u00e0 la main (100 % soie).<\/p>\n<p>Cet accessoire Herm\u00e8s essentiel compl\u00e8te parfaitement toute tenue. Il peut se porter de multiples fa\u00e7ons &#8211; autour du cou, en top, \u00e0 la taille ou en foulard de t\u00eate !<\/p>\n<p>Fabriqu\u00e9 en France<\/p>\n<p class=\"product-attribute-font-description ng-star-inserted\">Cr\u00e9\u00e9 par Henri d&rsquo;Origny<\/p>\n<p class=\"product-attribute-font-description ng-star-inserted\">Dimensions : 90 cm x 90 cm | Les dimensions indiqu\u00e9es peuvent varier car ce carr\u00e9 est roulott\u00e9 \u00e0 la main.<\/p>\n<p><strong><br \/>\nSi vous \u00eates int\u00e9ress\u00e9 par d&rsquo;autres produits Herm\u00e8s, n&rsquo;h\u00e9sitez pas \u00e0 nous le faire savoir.<\/p>\n<p>Quantit\u00e9 minimum de commande requise pour ce produit :<\/strong><\/p>\n","protected":false},"featured_media":37271,"comment_status":"closed","ping_status":"closed","template":"","meta":{"inline_featured_image":false},"product_brand":[],"product_cat":[193,192],"product_tag":[],"class_list":{"0":"post-37269","1":"product","2":"type-product","3":"status-publish","4":"has-post-thumbnail","6":"product_cat-echarpes-hermes","7":"product_cat-hermes","9":"first","10":"instock","11":"shipping-taxable","12":"purchasable","13":"product-type-simple"},"aioseo_notices":[],"_links":{"self":[{"href":"https:\/\/prestige-e.com\/fr\/wp-json\/wp\/v2\/product\/37269","targetHints":{"allow":["GET"]}}],"collection":[{"href":"https:\/\/prestige-e.com\/fr\/wp-json\/wp\/v2\/product"}],"about":[{"href":"https:\/\/prestige-e.com\/fr\/wp-json\/wp\/v2\/types\/product"}],"replies":[{"embeddable":true,"href":"https:\/\/prestige-e.com\/fr\/wp-json\/wp\/v2\/comments?post=37269"}],"wp:featuredmedia":[{"embeddable":true,"href":"https:\/\/prestige-e.com\/fr\/wp-json\/wp\/v2\/media\/37271"}],"wp:attachment":[{"href":"https:\/\/prestige-e.com\/fr\/wp-json\/wp\/v2\/media?parent=37269"}],"wp:term":[{"taxonomy":"product_brand","embeddable":true,"href":"https:\/\/prestige-e.com\/fr\/wp-json\/wp\/v2\/product_brand?post=37269"},{"taxonomy":"product_cat","embeddable":true,"href":"https:\/\/prestige-e.com\/fr\/wp-json\/wp\/v2\/product_cat?post=37269"},{"taxonomy":"product_tag","embeddable":true,"href":"https:\/\/prestige-e.com\/fr\/wp-json\/wp\/v2\/product_tag?post=37269"}],"curies":[{"name":"wp","href":"https:\/\/api.w.org\/{rel}","templated":true}]}}