{"id":37267,"date":"2021-04-29T07:25:58","date_gmt":"2021-04-29T05:25:58","guid":{"rendered":"https:\/\/prestige-e.com\/product\/boutons-de-manchette-classiques\/"},"modified":"2025-11-27T13:27:38","modified_gmt":"2025-11-27T12:27:38","slug":"boutons-de-manchette-classiques","status":"publish","type":"product","link":"https:\/\/prestige-e.com\/fr\/produit\/boutons-de-manchette-classiques\/","title":{"rendered":"Boutons de manchette classiques"},"content":{"rendered":"","protected":false},"excerpt":{"rendered":"<p>Les lignes fortes et masculines de ces boutons de manchette t\u00e9moignent de la sophistication de Chopard. Fabriqu\u00e9s en acier inoxydable poli et en \u00e9l\u00e9gant laque noire, ils apportent la touche finale \u00e0 l&rsquo;homme \u00e9l\u00e9gant. <\/p>\n<p><strong><br \/>\nSi vous \u00eates int\u00e9ress\u00e9 par d&rsquo;autres produits Chopard, veuillez nous en informer.<\/p>\n<p>Quantit\u00e9 minimale de commande requise pour ce produit&nbsp;:<\/strong><\/p>\n","protected":false},"featured_media":37270,"comment_status":"closed","ping_status":"closed","template":"","meta":{"inline_featured_image":false},"product_brand":[],"product_cat":[177,176],"product_tag":[],"class_list":{"0":"post-37267","1":"product","2":"type-product","3":"status-publish","4":"has-post-thumbnail","6":"product_cat-accessoires","7":"product_cat-chopard","9":"first","10":"instock","11":"shipping-taxable","12":"purchasable","13":"product-type-simple"},"aioseo_notices":[],"_links":{"self":[{"href":"https:\/\/prestige-e.com\/fr\/wp-json\/wp\/v2\/product\/37267","targetHints":{"allow":["GET"]}}],"collection":[{"href":"https:\/\/prestige-e.com\/fr\/wp-json\/wp\/v2\/product"}],"about":[{"href":"https:\/\/prestige-e.com\/fr\/wp-json\/wp\/v2\/types\/product"}],"replies":[{"embeddable":true,"href":"https:\/\/prestige-e.com\/fr\/wp-json\/wp\/v2\/comments?post=37267"}],"wp:featuredmedia":[{"embeddable":true,"href":"https:\/\/prestige-e.com\/fr\/wp-json\/wp\/v2\/media\/37270"}],"wp:attachment":[{"href":"https:\/\/prestige-e.com\/fr\/wp-json\/wp\/v2\/media?parent=37267"}],"wp:term":[{"taxonomy":"product_brand","embeddable":true,"href":"https:\/\/prestige-e.com\/fr\/wp-json\/wp\/v2\/product_brand?post=37267"},{"taxonomy":"product_cat","embeddable":true,"href":"https:\/\/prestige-e.com\/fr\/wp-json\/wp\/v2\/product_cat?post=37267"},{"taxonomy":"product_tag","embeddable":true,"href":"https:\/\/prestige-e.com\/fr\/wp-json\/wp\/v2\/product_tag?post=37267"}],"curies":[{"name":"wp","href":"https:\/\/api.w.org\/{rel}","templated":true}]}}