{"id":37263,"date":"2021-04-29T07:40:48","date_gmt":"2021-04-29T05:40:48","guid":{"rendered":"https:\/\/prestige-e.com\/product\/boutons-de-manchette-bleus-classic-rose-gold\/"},"modified":"2025-11-27T13:27:38","modified_gmt":"2025-11-27T12:27:38","slug":"boutons-de-manchette-bleus-classic-rose-gold","status":"publish","type":"product","link":"https:\/\/prestige-e.com\/fr\/produit\/boutons-de-manchette-bleus-classic-rose-gold\/","title":{"rendered":"Boutons de manchette bleus Classic Rose Gold"},"content":{"rendered":"","protected":false},"excerpt":{"rendered":"<p>Parfaits pour les gentlemen \u00e0 l&rsquo;allure discr\u00e8tement sophistiqu\u00e9e, les boutons de manchette Classic \u00ab C \u00bb mettent en lumi\u00e8re l&rsquo;initiale embl\u00e9matique de Chopard, apportant une touche d&rsquo;\u00e9l\u00e9gance \u00e0 ce design d&rsquo;inspiration r\u00e9tro. L&rsquo;alliance de l&rsquo;acier inoxydable raffin\u00e9, du verre brillant, du bleu et de l&rsquo;or rose chaleureux cr\u00e9e un effet saisissant.<\/p>\n<p><strong><br \/>\nSi vous \u00eates int\u00e9ress\u00e9 par d&rsquo;autres produits de Chopard, veuillez nous en informer.<\/strong><\/p>\n","protected":false},"featured_media":37264,"comment_status":"closed","ping_status":"closed","template":"","meta":{"inline_featured_image":false},"product_brand":[],"product_cat":[177,176],"product_tag":[],"class_list":{"0":"post-37263","1":"product","2":"type-product","3":"status-publish","4":"has-post-thumbnail","6":"product_cat-accessoires","7":"product_cat-chopard","9":"first","10":"instock","11":"shipping-taxable","12":"purchasable","13":"product-type-simple"},"aioseo_notices":[],"_links":{"self":[{"href":"https:\/\/prestige-e.com\/fr\/wp-json\/wp\/v2\/product\/37263","targetHints":{"allow":["GET"]}}],"collection":[{"href":"https:\/\/prestige-e.com\/fr\/wp-json\/wp\/v2\/product"}],"about":[{"href":"https:\/\/prestige-e.com\/fr\/wp-json\/wp\/v2\/types\/product"}],"replies":[{"embeddable":true,"href":"https:\/\/prestige-e.com\/fr\/wp-json\/wp\/v2\/comments?post=37263"}],"wp:featuredmedia":[{"embeddable":true,"href":"https:\/\/prestige-e.com\/fr\/wp-json\/wp\/v2\/media\/37264"}],"wp:attachment":[{"href":"https:\/\/prestige-e.com\/fr\/wp-json\/wp\/v2\/media?parent=37263"}],"wp:term":[{"taxonomy":"product_brand","embeddable":true,"href":"https:\/\/prestige-e.com\/fr\/wp-json\/wp\/v2\/product_brand?post=37263"},{"taxonomy":"product_cat","embeddable":true,"href":"https:\/\/prestige-e.com\/fr\/wp-json\/wp\/v2\/product_cat?post=37263"},{"taxonomy":"product_tag","embeddable":true,"href":"https:\/\/prestige-e.com\/fr\/wp-json\/wp\/v2\/product_tag?post=37263"}],"curies":[{"name":"wp","href":"https:\/\/api.w.org\/{rel}","templated":true}]}}