{"id":37262,"date":"2021-04-28T13:40:22","date_gmt":"2021-04-28T11:40:22","guid":{"rendered":"https:\/\/prestige-e.com\/product\/la-marche-du-zambeze\/"},"modified":"2025-11-27T13:27:39","modified_gmt":"2025-11-27T12:27:39","slug":"la-marche-du-zambeze","status":"publish","type":"product","link":"https:\/\/prestige-e.com\/fr\/produit\/la-marche-du-zambeze\/","title":{"rendered":"La Marche du Zamb\u00e8ze"},"content":{"rendered":"","protected":false},"excerpt":{"rendered":"<section class=\"product-attributes\">\n<section class=\"ng-star-inserted\" aria-labelledby=\"product_desc\">\n<p class=\"product-attribute-font-description\">Carr\u00e9 en twill de soie avec bords roulott\u00e9s \u00e0 la main (100% soie).<\/p>\n<p>Cet accessoire essentiel d&rsquo;Herm\u00e8s compl\u00e8te parfaitement toute tenue. Il peut \u00eatre port\u00e9 de multiples fa\u00e7ons &#8211; autour du cou, en haut, \u00e0 la taille ou en foulard !<\/p>\n<p>Fabriqu\u00e9 en France<\/p>\n<p class=\"product-attribute-font-description ng-star-inserted\">Con\u00e7u par les artistes Ardmore<\/p>\n<p class=\"product-attribute-font-description ng-star-inserted\">Mesure 90 cm x 90 cm | Les dimensions indiqu\u00e9es peuvent varier car ce carr\u00e9 est roulott\u00e9 \u00e0 la main.<\/p>\n<\/section>\n<\/section>\n<div>\n<div class=\"product-toggles ng-star-inserted\">\n<p>&nbsp;<\/p>\n<p><strong>Si vous \u00eates int\u00e9ress\u00e9 par d&rsquo;autres produits Herm\u00e8s, veuillez nous en informer.<\/p>\n<p>Quantit\u00e9 minimale de commande requise pour ce produit :<\/strong><\/p>\n<\/div>\n<\/div>\n","protected":false},"featured_media":37266,"comment_status":"closed","ping_status":"closed","template":"","meta":{"inline_featured_image":false},"product_brand":[],"product_cat":[193,192],"product_tag":[],"class_list":{"0":"post-37262","1":"product","2":"type-product","3":"status-publish","4":"has-post-thumbnail","6":"product_cat-echarpes-hermes","7":"product_cat-hermes","9":"first","10":"instock","11":"shipping-taxable","12":"purchasable","13":"product-type-simple"},"aioseo_notices":[],"_links":{"self":[{"href":"https:\/\/prestige-e.com\/fr\/wp-json\/wp\/v2\/product\/37262","targetHints":{"allow":["GET"]}}],"collection":[{"href":"https:\/\/prestige-e.com\/fr\/wp-json\/wp\/v2\/product"}],"about":[{"href":"https:\/\/prestige-e.com\/fr\/wp-json\/wp\/v2\/types\/product"}],"replies":[{"embeddable":true,"href":"https:\/\/prestige-e.com\/fr\/wp-json\/wp\/v2\/comments?post=37262"}],"wp:featuredmedia":[{"embeddable":true,"href":"https:\/\/prestige-e.com\/fr\/wp-json\/wp\/v2\/media\/37266"}],"wp:attachment":[{"href":"https:\/\/prestige-e.com\/fr\/wp-json\/wp\/v2\/media?parent=37262"}],"wp:term":[{"taxonomy":"product_brand","embeddable":true,"href":"https:\/\/prestige-e.com\/fr\/wp-json\/wp\/v2\/product_brand?post=37262"},{"taxonomy":"product_cat","embeddable":true,"href":"https:\/\/prestige-e.com\/fr\/wp-json\/wp\/v2\/product_cat?post=37262"},{"taxonomy":"product_tag","embeddable":true,"href":"https:\/\/prestige-e.com\/fr\/wp-json\/wp\/v2\/product_tag?post=37262"}],"curies":[{"name":"wp","href":"https:\/\/api.w.org\/{rel}","templated":true}]}}