{"id":37258,"date":"2021-04-07T13:47:21","date_gmt":"2021-04-07T11:47:21","guid":{"rendered":"https:\/\/prestige-e.com\/product\/fashion-eye-geneve\/"},"modified":"2025-11-27T13:27:41","modified_gmt":"2025-11-27T12:27:41","slug":"fashion-eye-geneve","status":"publish","type":"product","link":"https:\/\/prestige-e.com\/fr\/produit\/fashion-eye-geneve\/","title":{"rendered":"Fashion Eye Gen\u00e8ve"},"content":{"rendered":"","protected":false},"excerpt":{"rendered":"<p>\u00c9voquant son amour d\u2019adolescent pour une jeune fille de Gen\u00e8ve, le photographe Paul Rousteau revisite la cit\u00e9 pour Louis Vuitton Fashion Eye. \u00c0 travers son objectif, la ville au bout de la vaste \u00e9tendue bleue du lac L\u00e9man se pare de teintes plus chaudes : ses fa\u00e7ades beiges se r\u00e9v\u00e8lent sous une lumi\u00e8re nouvelle, et un esprit presque m\u00e9diterran\u00e9en de dolce vita flotte sur son port<\/p>\n<p>Photographies : Paul Rousteau<\/p>\n<p>\u00c9dition : Damien Poulain<\/p>\n<p>&nbsp;<\/p>\n<p><strong>Dimensions : 23,6 \u00d7 30,5 cm<\/strong><\/p>\n<p><strong>Si vous \u00eates int\u00e9ress\u00e9 par d&rsquo;autres produits Louis Vuitton, n&rsquo;h\u00e9sitez pas \u00e0 nous le faire savoir.<\/strong><\/p>\n","protected":false},"featured_media":37259,"comment_status":"closed","ping_status":"closed","template":"","meta":{"inline_featured_image":false},"product_brand":[],"product_cat":[191,186],"product_tag":[],"class_list":{"0":"post-37258","1":"product","2":"type-product","3":"status-publish","4":"has-post-thumbnail","6":"product_cat-fashion-eye","7":"product_cat-louis-vuitton","9":"first","10":"instock","11":"shipping-taxable","12":"purchasable","13":"product-type-simple"},"aioseo_notices":[],"_links":{"self":[{"href":"https:\/\/prestige-e.com\/fr\/wp-json\/wp\/v2\/product\/37258","targetHints":{"allow":["GET"]}}],"collection":[{"href":"https:\/\/prestige-e.com\/fr\/wp-json\/wp\/v2\/product"}],"about":[{"href":"https:\/\/prestige-e.com\/fr\/wp-json\/wp\/v2\/types\/product"}],"replies":[{"embeddable":true,"href":"https:\/\/prestige-e.com\/fr\/wp-json\/wp\/v2\/comments?post=37258"}],"wp:featuredmedia":[{"embeddable":true,"href":"https:\/\/prestige-e.com\/fr\/wp-json\/wp\/v2\/media\/37259"}],"wp:attachment":[{"href":"https:\/\/prestige-e.com\/fr\/wp-json\/wp\/v2\/media?parent=37258"}],"wp:term":[{"taxonomy":"product_brand","embeddable":true,"href":"https:\/\/prestige-e.com\/fr\/wp-json\/wp\/v2\/product_brand?post=37258"},{"taxonomy":"product_cat","embeddable":true,"href":"https:\/\/prestige-e.com\/fr\/wp-json\/wp\/v2\/product_cat?post=37258"},{"taxonomy":"product_tag","embeddable":true,"href":"https:\/\/prestige-e.com\/fr\/wp-json\/wp\/v2\/product_tag?post=37258"}],"curies":[{"name":"wp","href":"https:\/\/api.w.org\/{rel}","templated":true}]}}