{"id":37255,"date":"2021-04-08T06:17:22","date_gmt":"2021-04-08T04:17:22","guid":{"rendered":"https:\/\/prestige-e.com\/product\/bouteille-de-sport-isotherme\/"},"modified":"2025-11-27T13:27:41","modified_gmt":"2025-11-27T12:27:41","slug":"bouteille-de-sport-isotherme","status":"publish","type":"product","link":"https:\/\/prestige-e.com\/fr\/produit\/bouteille-de-sport-isotherme\/","title":{"rendered":"Bouteille d&rsquo;eau isotherme en cuivre sous vide Thor 480 ml"},"content":{"rendered":"","protected":false},"excerpt":{"rendered":"<p>Construction sous vide en acier inoxydable \u00e0 double paroi avec isolation en cuivre, qui permet aux boissons de rester froides pendant 48 heures ou chaudes pendant au moins 12 heures. La construction emp\u00eache \u00e9galement la condensation \u00e0 l&rsquo;ext\u00e9rieur de la bouteille. Couvercle \u00e0 visser avec d\u00e9tail en bois. Rev\u00eatement en poudre durable et tendance. La capacit\u00e9 du volume est de 480 ml. Pr\u00e9sent\u00e9 dans une bo\u00eete cadeau Avenue. Acier inoxydable. Emballage : FSC Mix Credit P5.1 CU-COC-877277.       <\/p>\n<p><strong><u>Dimension<\/u><\/strong> : 21,2 x 7,3 cm<\/p>\n<p><strong><u>Mat\u00e9riau<\/u><\/strong> : acier inoxydable<\/p>\n","protected":false},"featured_media":37257,"comment_status":"closed","ping_status":"closed","template":"","meta":{"inline_featured_image":false},"product_brand":[],"product_cat":[174,188,190,189],"product_tag":[],"class_list":{"0":"post-37255","1":"product","2":"type-product","3":"status-publish","4":"has-post-thumbnail","6":"product_cat-art-de-vivre","7":"product_cat-bouteilles-mugs-lifestyle","8":"product_cat-bouteilles-mugs-voyage","9":"product_cat-voyage","11":"first","12":"instock","13":"shipping-taxable","14":"purchasable","15":"product-type-simple"},"aioseo_notices":[],"_links":{"self":[{"href":"https:\/\/prestige-e.com\/fr\/wp-json\/wp\/v2\/product\/37255","targetHints":{"allow":["GET"]}}],"collection":[{"href":"https:\/\/prestige-e.com\/fr\/wp-json\/wp\/v2\/product"}],"about":[{"href":"https:\/\/prestige-e.com\/fr\/wp-json\/wp\/v2\/types\/product"}],"replies":[{"embeddable":true,"href":"https:\/\/prestige-e.com\/fr\/wp-json\/wp\/v2\/comments?post=37255"}],"wp:featuredmedia":[{"embeddable":true,"href":"https:\/\/prestige-e.com\/fr\/wp-json\/wp\/v2\/media\/37257"}],"wp:attachment":[{"href":"https:\/\/prestige-e.com\/fr\/wp-json\/wp\/v2\/media?parent=37255"}],"wp:term":[{"taxonomy":"product_brand","embeddable":true,"href":"https:\/\/prestige-e.com\/fr\/wp-json\/wp\/v2\/product_brand?post=37255"},{"taxonomy":"product_cat","embeddable":true,"href":"https:\/\/prestige-e.com\/fr\/wp-json\/wp\/v2\/product_cat?post=37255"},{"taxonomy":"product_tag","embeddable":true,"href":"https:\/\/prestige-e.com\/fr\/wp-json\/wp\/v2\/product_tag?post=37255"}],"curies":[{"name":"wp","href":"https:\/\/api.w.org\/{rel}","templated":true}]}}