{"id":37250,"date":"2021-04-26T14:30:37","date_gmt":"2021-04-26T12:30:37","guid":{"rendered":"https:\/\/prestige-e.com\/product\/guide-de-la-ville-de-paris\/"},"modified":"2025-11-27T13:27:41","modified_gmt":"2025-11-27T12:27:41","slug":"guide-de-la-ville-de-paris","status":"publish","type":"product","link":"https:\/\/prestige-e.com\/fr\/produit\/guide-de-la-ville-de-paris\/","title":{"rendered":"Guide de la ville de Paris"},"content":{"rendered":"","protected":false},"excerpt":{"rendered":"<p>Depuis 1998, les City Guides Louis Vuitton se sont impos\u00e9s comme compagnons de voyage parfaits, en d\u00e9voilant les villes les plus fascinantes aux voyageurs d&rsquo;affaires ou de loisirs. Pour saisir l&rsquo;esprit de chaque ville, Louis Vuitton a fait appel \u00e0 des journalistes, des \u00e9crivains et des figures importantes du monde des arts et des lettres, dont les contributions \u00e9labor\u00e9es en collaboration avec des artistes, des hommes d&rsquo;affaires et des talents cr\u00e9atifs de tous horizons, rendent chaque City Guide unique en son genre. Des h\u00f4tels cinq \u00e9toiles aux boutiques concept, des restaurants gastronomiques aux bistrots de quartier, des magasins d&rsquo;antiquit\u00e9 aux p\u00f4les de cr\u00e9ation artistique, mus\u00e9es et monuments, chaque City Guide Louis Vuitton est une mine pr\u00e9cieuse d&rsquo;informations qui r\u00e9v\u00e8le les tr\u00e9sors de chaque ville. Chaque City Guide met \u00e0 l&rsquo;honneur un invit\u00e9 sp\u00e9cial, qui emm\u00e8ne le lecteur dans une exploration personnelle de sa ville natale, tout en partageant conseils et bonnes adresses. Ce City Guide Paris comprend des contributions sp\u00e9ciales du champion d&rsquo;escrime Enzo Lefort et des photographies exclusives du Collectif Tendance Floue.<\/p>\n<p>Invit\u00e9 : Enzo Lefort<\/p>\n<p>Auteurs et autrices : Pierre L\u00e9onforte, Pierre Groppo, Katia Kulawick-Assante, Fran\u00e7ois Simon, Isabelle Valembras-Dahirel, Marie-H\u00e9l\u00e8ne Brunet-Lhoste, Laurence Marot, Fran\u00e7oise Ha Vinh<\/p>\n<p>Photographie : collectif Tendance Floue<\/p>\n<p><strong>Dimensions : 13,7 \u00d7 21,1 cm<\/strong><\/p>\n<div class=\"lv-expandable-panel -minimal-height\">\n<div id=\"read-more\" class=\"lv-expandable-panel__content\" aria-hidden=\"false\">\n<p><strong><br \/>\nSi vous \u00eates int\u00e9ress\u00e9 par d&rsquo;autres produits de Louis Vuitton, veuillez nous en informer.<\/strong><\/p>\n<\/div>\n<\/div>\n","protected":false},"featured_media":37251,"comment_status":"closed","ping_status":"closed","template":"","meta":{"inline_featured_image":false},"product_brand":[],"product_cat":[187,186],"product_tag":[],"class_list":{"0":"post-37250","1":"product","2":"type-product","3":"status-publish","4":"has-post-thumbnail","6":"product_cat-guide-de-ville","7":"product_cat-louis-vuitton","9":"first","10":"instock","11":"shipping-taxable","12":"purchasable","13":"product-type-simple"},"aioseo_notices":[],"_links":{"self":[{"href":"https:\/\/prestige-e.com\/fr\/wp-json\/wp\/v2\/product\/37250","targetHints":{"allow":["GET"]}}],"collection":[{"href":"https:\/\/prestige-e.com\/fr\/wp-json\/wp\/v2\/product"}],"about":[{"href":"https:\/\/prestige-e.com\/fr\/wp-json\/wp\/v2\/types\/product"}],"replies":[{"embeddable":true,"href":"https:\/\/prestige-e.com\/fr\/wp-json\/wp\/v2\/comments?post=37250"}],"wp:featuredmedia":[{"embeddable":true,"href":"https:\/\/prestige-e.com\/fr\/wp-json\/wp\/v2\/media\/37251"}],"wp:attachment":[{"href":"https:\/\/prestige-e.com\/fr\/wp-json\/wp\/v2\/media?parent=37250"}],"wp:term":[{"taxonomy":"product_brand","embeddable":true,"href":"https:\/\/prestige-e.com\/fr\/wp-json\/wp\/v2\/product_brand?post=37250"},{"taxonomy":"product_cat","embeddable":true,"href":"https:\/\/prestige-e.com\/fr\/wp-json\/wp\/v2\/product_cat?post=37250"},{"taxonomy":"product_tag","embeddable":true,"href":"https:\/\/prestige-e.com\/fr\/wp-json\/wp\/v2\/product_tag?post=37250"}],"curies":[{"name":"wp","href":"https:\/\/api.w.org\/{rel}","templated":true}]}}