{"id":37240,"date":"2021-04-28T11:44:42","date_gmt":"2021-04-28T09:44:42","guid":{"rendered":"https:\/\/prestige-e.com\/product\/guide-de-la-ville-de-singapour\/"},"modified":"2025-11-27T13:27:40","modified_gmt":"2025-11-27T12:27:40","slug":"guide-de-la-ville-de-singapour","status":"publish","type":"product","link":"https:\/\/prestige-e.com\/fr\/produit\/guide-de-la-ville-de-singapour\/","title":{"rendered":"Guide de la ville de Singapour"},"content":{"rendered":"","protected":false},"excerpt":{"rendered":"<div class=\"lv-product-description\">Nouvellement mis \u00e0 jour pour 2020, le guide de la ville de Singapour pr\u00e9sente des contributions sp\u00e9ciales de l&rsquo;artiste visuelle multim\u00e9dia Dawn Ng.<\/div>\n<div>\n<p>Contributrice invit\u00e9e : Dawn Ng<\/p>\n<p>Auteurs : David fuhrmann Lim, Patricia Lee, Annette Tan, Daven wu<\/p>\n<p>Photographie : Olivier culmann<\/p>\n<p><strong>Dimensions: 13,7 x 21,1 cm<\/strong><\/p>\n<p>&nbsp;<\/p>\n<\/div>\n<div class=\"lv-product-features\">\n<div class=\"lv-expandable-panel -minimal-height\">\n<div id=\"read-more\" class=\"lv-expandable-panel__content\" aria-hidden=\"false\">\n<p><strong>Si vous \u00eates int\u00e9ress\u00e9 par d&rsquo;autres produits de Louis Vuitton, veuillez nous en informer.<\/strong><\/p>\n<\/div>\n<\/div>\n<\/div>\n","protected":false},"featured_media":37241,"comment_status":"closed","ping_status":"closed","template":"","meta":{"inline_featured_image":false},"product_brand":[],"product_cat":[187,186],"product_tag":[],"class_list":{"0":"post-37240","1":"product","2":"type-product","3":"status-publish","4":"has-post-thumbnail","6":"product_cat-guide-de-ville","7":"product_cat-louis-vuitton","9":"first","10":"instock","11":"shipping-taxable","12":"purchasable","13":"product-type-simple"},"aioseo_notices":[],"_links":{"self":[{"href":"https:\/\/prestige-e.com\/fr\/wp-json\/wp\/v2\/product\/37240","targetHints":{"allow":["GET"]}}],"collection":[{"href":"https:\/\/prestige-e.com\/fr\/wp-json\/wp\/v2\/product"}],"about":[{"href":"https:\/\/prestige-e.com\/fr\/wp-json\/wp\/v2\/types\/product"}],"replies":[{"embeddable":true,"href":"https:\/\/prestige-e.com\/fr\/wp-json\/wp\/v2\/comments?post=37240"}],"wp:featuredmedia":[{"embeddable":true,"href":"https:\/\/prestige-e.com\/fr\/wp-json\/wp\/v2\/media\/37241"}],"wp:attachment":[{"href":"https:\/\/prestige-e.com\/fr\/wp-json\/wp\/v2\/media?parent=37240"}],"wp:term":[{"taxonomy":"product_brand","embeddable":true,"href":"https:\/\/prestige-e.com\/fr\/wp-json\/wp\/v2\/product_brand?post=37240"},{"taxonomy":"product_cat","embeddable":true,"href":"https:\/\/prestige-e.com\/fr\/wp-json\/wp\/v2\/product_cat?post=37240"},{"taxonomy":"product_tag","embeddable":true,"href":"https:\/\/prestige-e.com\/fr\/wp-json\/wp\/v2\/product_tag?post=37240"}],"curies":[{"name":"wp","href":"https:\/\/api.w.org\/{rel}","templated":true}]}}