{"id":37237,"date":"2021-04-06T06:47:59","date_gmt":"2021-04-06T04:47:59","guid":{"rendered":"https:\/\/prestige-e.com\/product\/stylo-bille-starwalker-en-resine-precieuse\/"},"modified":"2025-11-27T13:27:42","modified_gmt":"2025-11-27T12:27:42","slug":"stylo-bille-starwalker-en-resine-precieuse","status":"publish","type":"product","link":"https:\/\/prestige-e.com\/fr\/produit\/stylo-bille-starwalker-en-resine-precieuse\/","title":{"rendered":"Stylo bille Starwalker en r\u00e9sine pr\u00e9cieuse"},"content":{"rendered":"","protected":false},"excerpt":{"rendered":"<div class=\"\">\n<p>Le nouveau StarWalker \u00e9voque un voyage vers les \u00e9toiles. Il parle de l&rsquo;exploration du cosmos et des galaxies lointaines, participant \u00e0 l&rsquo;aventure la plus myst\u00e9rieuse et puissante de l&rsquo;humanit\u00e9 : la conqu\u00eate de l&rsquo;espace. Le nouveau design de la collection c\u00e9l\u00e8bre l&rsquo;immense \u00e9motion d\u00e9crite par les astronautes lorsqu&rsquo;ils contemplent pour la premi\u00e8re fois notre plan\u00e8te bleue flottant dans l&rsquo;immensit\u00e9 de l&rsquo;univers. La technologie unique utilis\u00e9e pour repr\u00e9senter l&#8217;embl\u00e8me StarWalker combine un d\u00f4me bleu translucide sous l&#8217;embl\u00e8me Montblanc, qui rappelle l&rsquo;apparence de la Terre au-dessus de l&rsquo;horizon lunaire. Le StarWalker Dou\u00e9 pr\u00e9sente des attributs plaqu\u00e9s platine et un corps en r\u00e9sine pr\u00e9cieuse noire.<br \/>\n<strong><br \/>\nCorps :<\/strong> R\u00e9sine pr\u00e9cieuse noire<\/p>\n<\/div>\n<p>&nbsp;<\/p>\n<p><strong>Si vous \u00eates int\u00e9ress\u00e9 par d&rsquo;autres produits Montblanc, veuillez nous le faire savoir.<\/p>\n<p>Quantit\u00e9 minimale de commande requise pour ce produit :<\/strong><\/p>\n","protected":false},"featured_media":37238,"comment_status":"closed","ping_status":"closed","template":"","meta":{"inline_featured_image":false},"product_brand":[],"product_cat":[181,180],"product_tag":[],"class_list":{"0":"post-37237","1":"product","2":"type-product","3":"status-publish","4":"has-post-thumbnail","6":"product_cat-instruments-decriture","7":"product_cat-montblanc","9":"first","10":"instock","11":"shipping-taxable","12":"purchasable","13":"product-type-simple"},"aioseo_notices":[],"_links":{"self":[{"href":"https:\/\/prestige-e.com\/fr\/wp-json\/wp\/v2\/product\/37237","targetHints":{"allow":["GET"]}}],"collection":[{"href":"https:\/\/prestige-e.com\/fr\/wp-json\/wp\/v2\/product"}],"about":[{"href":"https:\/\/prestige-e.com\/fr\/wp-json\/wp\/v2\/types\/product"}],"replies":[{"embeddable":true,"href":"https:\/\/prestige-e.com\/fr\/wp-json\/wp\/v2\/comments?post=37237"}],"wp:featuredmedia":[{"embeddable":true,"href":"https:\/\/prestige-e.com\/fr\/wp-json\/wp\/v2\/media\/37238"}],"wp:attachment":[{"href":"https:\/\/prestige-e.com\/fr\/wp-json\/wp\/v2\/media?parent=37237"}],"wp:term":[{"taxonomy":"product_brand","embeddable":true,"href":"https:\/\/prestige-e.com\/fr\/wp-json\/wp\/v2\/product_brand?post=37237"},{"taxonomy":"product_cat","embeddable":true,"href":"https:\/\/prestige-e.com\/fr\/wp-json\/wp\/v2\/product_cat?post=37237"},{"taxonomy":"product_tag","embeddable":true,"href":"https:\/\/prestige-e.com\/fr\/wp-json\/wp\/v2\/product_tag?post=37237"}],"curies":[{"name":"wp","href":"https:\/\/api.w.org\/{rel}","templated":true}]}}