{"id":37230,"date":"2021-04-03T12:37:56","date_gmt":"2021-04-03T10:37:56","guid":{"rendered":"https:\/\/prestige-e.com\/product\/gel-hydroalcoolique\/"},"modified":"2025-11-27T13:27:44","modified_gmt":"2025-11-27T12:27:44","slug":"gel-hydroalcoolique","status":"publish","type":"product","link":"https:\/\/prestige-e.com\/fr\/produit\/gel-hydroalcoolique\/","title":{"rendered":"Gel hydroalcoolique"},"content":{"rendered":"","protected":false},"excerpt":{"rendered":"<div class=\"\">\n<p class=\"description \">Gel hydroalcoolique pour l&rsquo;hygi\u00e8ne et le nettoyage de la peau dans un flacon rechargeable de 30 ml, avec extrait balsamique d&rsquo;Aloe Vera. Corps dans une gamme vari\u00e9e de couleurs, avec distributeur, bouchon de s\u00e9curit\u00e9 et mousqueton pour le transport \/ l&rsquo;attache. Solution \u00e0 65 % d&rsquo;alcool.<\/p>\n<\/div>\n<p><strong><br \/>\nNous pouvons personnaliser les articles selon les besoins esth\u00e9tiques du client.<\/strong><\/p>\n","protected":false},"featured_media":37232,"comment_status":"closed","ping_status":"closed","template":"","meta":{"inline_featured_image":false},"product_brand":[],"product_cat":[185,172],"product_tag":[],"class_list":{"0":"post-37230","1":"product","2":"type-product","3":"status-publish","4":"has-post-thumbnail","6":"product_cat-accessoires-soins-de-sante","7":"product_cat-sante","9":"first","10":"instock","11":"shipping-taxable","12":"purchasable","13":"product-type-simple"},"aioseo_notices":[],"_links":{"self":[{"href":"https:\/\/prestige-e.com\/fr\/wp-json\/wp\/v2\/product\/37230","targetHints":{"allow":["GET"]}}],"collection":[{"href":"https:\/\/prestige-e.com\/fr\/wp-json\/wp\/v2\/product"}],"about":[{"href":"https:\/\/prestige-e.com\/fr\/wp-json\/wp\/v2\/types\/product"}],"replies":[{"embeddable":true,"href":"https:\/\/prestige-e.com\/fr\/wp-json\/wp\/v2\/comments?post=37230"}],"wp:featuredmedia":[{"embeddable":true,"href":"https:\/\/prestige-e.com\/fr\/wp-json\/wp\/v2\/media\/37232"}],"wp:attachment":[{"href":"https:\/\/prestige-e.com\/fr\/wp-json\/wp\/v2\/media?parent=37230"}],"wp:term":[{"taxonomy":"product_brand","embeddable":true,"href":"https:\/\/prestige-e.com\/fr\/wp-json\/wp\/v2\/product_brand?post=37230"},{"taxonomy":"product_cat","embeddable":true,"href":"https:\/\/prestige-e.com\/fr\/wp-json\/wp\/v2\/product_cat?post=37230"},{"taxonomy":"product_tag","embeddable":true,"href":"https:\/\/prestige-e.com\/fr\/wp-json\/wp\/v2\/product_tag?post=37230"}],"curies":[{"name":"wp","href":"https:\/\/api.w.org\/{rel}","templated":true}]}}