{"id":37228,"date":"2021-04-06T07:11:28","date_gmt":"2021-04-06T05:11:28","guid":{"rendered":"https:\/\/prestige-e.com\/product\/portefeuille-sartorial\/"},"modified":"2025-11-27T13:27:42","modified_gmt":"2025-11-27T12:27:42","slug":"portefeuille-sartorial","status":"publish","type":"product","link":"https:\/\/prestige-e.com\/fr\/produit\/portefeuille-sartorial\/","title":{"rendered":"Portefeuille Sartorial"},"content":{"rendered":"","protected":false},"excerpt":{"rendered":"<div class=\"\">\n<p>Portefeuille en cuir de veau pleine fleur italien, doublure en jacquard orn\u00e9e du nom Montblanc, embl\u00e8me Montblanc entour\u00e9 d&rsquo;un anneau en palladium<br \/>\n<strong><br \/>\n<\/strong><\/p>\n<div class=\"column material\">\n<p class=\"materials\"><strong class=\"key\">Mat\u00e9riau : <\/strong>Cuir de veau<br \/>\n<strong class=\"key\">Cuir : <\/strong>Cuir de veau pleine fleur italien, tann\u00e9 au chrome, teint\u00e9, avec impression Saffiano<br \/>\n<strong class=\"key\">Couleur : <\/strong>noir<\/p>\n<p><strong><br \/>\nSi vous \u00eates int\u00e9ress\u00e9 par d&rsquo;autres produits Montblanc, veuillez nous le faire savoir.<\/p>\n<p>Quantit\u00e9 minimale de commande requise pour ce produit :<\/strong><\/p>\n<\/div>\n<\/div>\n","protected":false},"featured_media":37229,"comment_status":"closed","ping_status":"closed","template":"","meta":{"inline_featured_image":false},"product_brand":[],"product_cat":[184,180],"product_tag":[],"class_list":{"0":"post-37228","1":"product","2":"type-product","3":"status-publish","4":"has-post-thumbnail","6":"product_cat-cuir-et-voyage","7":"product_cat-montblanc","9":"first","10":"instock","11":"shipping-taxable","12":"purchasable","13":"product-type-simple"},"aioseo_notices":[],"_links":{"self":[{"href":"https:\/\/prestige-e.com\/fr\/wp-json\/wp\/v2\/product\/37228","targetHints":{"allow":["GET"]}}],"collection":[{"href":"https:\/\/prestige-e.com\/fr\/wp-json\/wp\/v2\/product"}],"about":[{"href":"https:\/\/prestige-e.com\/fr\/wp-json\/wp\/v2\/types\/product"}],"replies":[{"embeddable":true,"href":"https:\/\/prestige-e.com\/fr\/wp-json\/wp\/v2\/comments?post=37228"}],"wp:featuredmedia":[{"embeddable":true,"href":"https:\/\/prestige-e.com\/fr\/wp-json\/wp\/v2\/media\/37229"}],"wp:attachment":[{"href":"https:\/\/prestige-e.com\/fr\/wp-json\/wp\/v2\/media?parent=37228"}],"wp:term":[{"taxonomy":"product_brand","embeddable":true,"href":"https:\/\/prestige-e.com\/fr\/wp-json\/wp\/v2\/product_brand?post=37228"},{"taxonomy":"product_cat","embeddable":true,"href":"https:\/\/prestige-e.com\/fr\/wp-json\/wp\/v2\/product_cat?post=37228"},{"taxonomy":"product_tag","embeddable":true,"href":"https:\/\/prestige-e.com\/fr\/wp-json\/wp\/v2\/product_tag?post=37228"}],"curies":[{"name":"wp","href":"https:\/\/api.w.org\/{rel}","templated":true}]}}